{"id":788,"date":"2020-03-02T12:35:29","date_gmt":"2020-03-02T11:35:29","guid":{"rendered":"https:\/\/www.diefabrik.com\/booking-es\/"},"modified":"2023-02-16T09:47:32","modified_gmt":"2023-02-16T08:47:32","slug":"booking-es","status":"publish","type":"page","link":"https:\/\/www.diefabrik.com\/es\/booking-es\/","title":{"rendered":"Booking-ES"},"content":{"rendered":"<div class=\"wpb-content-wrapper\">[mk_page_section bg_image=&#8221;https:\/\/www.diefabrik.com\/wp-content\/uploads\/2023\/01\/ubahn-1.jpg&#8221; attachment=&#8221;fixed&#8221; bg_position=&#8221;center top&#8221; bg_repeat=&#8221;no-repeat&#8221; bg_stretch=&#8221;true&#8221; enable_3d=&#8221;true&#8221; min_height=&#8221;930&#8243; full_width=&#8221;true&#8221; sidebar=&#8221;sidebar-1&#8243;][vc_column][vc_row_inner is_fullwidth_content=&#8221;false&#8221; el_class=&#8221;booking&#8221;][vc_column_inner][mk_padding_divider size=&#8221;400&#8243;][mk_fancy_title strip_tags=&#8221;true&#8221; color=&#8221;#8f2825&#8243; size=&#8221;40&#8243; force_font_size=&#8221;true&#8221; size_smallscreen=&#8221;36&#8243; size_tablet=&#8221;22&#8243; size_phone=&#8221;18&#8243; letter_spacing=&#8221;1&#8243; margin_top=&#8221;&#8221; margin_bottom=&#8221;0&#8243; font_family=&#8221;none&#8221; align=&#8221;center&#8221; el_class=&#8221;header-title&#8221;]\n<h2>YA CASI EST\u00c1S..!<\/h2>\n[\/mk_fancy_title][\/vc_column_inner][\/vc_row_inner][\/vc_column][\/mk_page_section][mk_page_section bg_image=&#8221;https:\/\/www.diefabrik.com\/wp-content\/uploads\/2019\/10\/grunge_wall_web_light-768&#215;432.png&#8221; bg_color=&#8221;#ffffff&#8221; border_color=&#8221;rgba(0,0,0,0)&#8221; enable_3d=&#8221;true&#8221; sidebar=&#8221;sidebar-1&#8243;][vc_column][vc_row_inner][vc_column_inner][mk_padding_divider][vc_column_text css=&#8221;.vc_custom_1674730829151{margin-bottom: 0px !important;}&#8221;]\n<h2 class=\"gmail_default\" style=\"text-align: center;\">Reserva directamente con la opci\u00f3n de cancelaci\u00f3n gratuita<\/h2>\n<div class=\"gmail_default\" style=\"text-align: center;\">Por fin encontraste el lugar perfecto para descubrir Berl\u00edn, en el centro de nuestra ciudad tan viva y multicultural.<\/div>\n<div class=\"gmail_default\" style=\"text-align: center;\">\u00a1Encuentra nuestros mejores precios aqu\u00ed!<\/div>\n[\/vc_column_text][mk_padding_divider][\/vc_column_inner][\/vc_row_inner][vc_raw_html]JTNDaWZyYW1lJTIwc3JjJTNEJTIyaHR0cHMlM0ElMkYlMkZob3N0ZWxzLmFzc2QuY29tJTJGY3JzNC5waHAlM0Znb3RvJTNEMTAlMjZjdXN0JTNENTAwMDAzJTI2dHlwZSUzRDAyMCUyNmxhbmdjcnMlM0RFJTIyJTIwd2lkdGglM0QlMjI5OSUyNSUyMiUyMGhlaWdodCUzRCUyMjI1MDAlMjIlMjBmcmFtZWJvcmRlciUzRCUyMjAlMjIlMjBzY3JvbGxpbmclM0QlMjJhdXRvJTIyJTIwJTNFJTNDJTJGaWZyYW1lJTNF[\/vc_raw_html][vc_row_inner][vc_column_inner width=&#8221;1\/2&#8243;][vc_column_text css=&#8221;.vc_custom_1674548142769{margin-bottom: 0px !important;}&#8221;]\n<h3>Garant\u00eda sobre el mejor precio<\/h3>\n<p>Reserva directamente con nosotros. Si encuentras un mejor precio, cont\u00e1ctanos y te lo igualamos. As\u00ed de simple.<\/p>\n<h3>S\u00e1banas (ropa de cama)<\/h3>\n<p>Nosotros cobramos 2.80 Euros por las s\u00e1banas por persona por estad\u00eda para las reservas en habitaciones compartidas. En habitaciones privadas, las s\u00e1banas ya est\u00e1n inclu\u00eddas en el precio final.<\/p>\n<h3>Impuestos de la Ciudad (City-Taxes)<\/h3>\n<p>Estamos obligados a pagar un total de impuestos de 5%. Al momento del check in se te pedir\u00e1 pagar \u00e9ste total. Hu\u00e9spedes de viaje con motivo de trabajo no tendr\u00e1n que pagar este impuesto, pero tendr\u00e1n que mostrar una confirmaci\u00f3n del empleador.<\/p>\n<p><a href=\"https:\/\/diefabrik.com\/files\/EmployersAttestation.pdf\" target=\"_blank\" rel=\"noopener noreferrer\"><b><div class=\"su-button-center\"><a href=\"https:\/\/diefabrik.com\/files\/EmployersAttestation.pdf\" class=\"su-button su-button-style-flat\" style=\"color:#fff;background-color:#000;border-color:#000000;border-radius:5px\" target=\"_blank\" rel=\"noopener noreferrer\"><span style=\"color:#fff;padding:0px 16px;font-size:13px;line-height:26px;border-color:#4d4d4d;border-radius:5px;text-shadow:none\"> Descarga aqu\u00ed la confirmaci\u00f3n del empleador<\/span><\/a><\/div><\/b><\/a><\/p>\n[\/vc_column_text][\/vc_column_inner][vc_column_inner width=&#8221;1\/2&#8243;][vc_column_text css=&#8221;.vc_custom_1674548297150{margin-bottom: 0px !important;}&#8221;]\n<h3 class=\"gmail_default\">Condiciones de Cancelaci\u00f3n<\/h3>\n<p><strong>Hu\u00e9spedes y reservas de hasta 10 personas:<\/strong><\/p>\n<p>Podr\u00e1n cancelar sin costo adicional hasta el d\u00eda anterior del check-in hasta las 18:00 hrs (Hora Local). Si cancelas despu\u00e9s de \u00e9ste per\u00edodo tendr\u00e1s que pagar el total de la primera noche de tu reserva. Si es que no llegas, tambi\u00e9n tendr\u00e1s que pagar el precio total de la primera noche. Las reservas con la descripci\u00f3n de &#8220;nonref&#8221; no podr\u00e1n ser canceladas.<\/p>\n<p>Cualquier tipo de descuento u oferta adicional que ofrecen los portales de viaje no podr\u00e1n ser cancelados.<\/p>\n<p><strong>Grupos de 10 o m\u00e1s personas:<\/strong><\/p>\n<p>Podr\u00e1n cancelar la reserva sin costo adicional hasta 6 semanas antes del check in. Hasta la 4ta semana se cobrar\u00e1 un 50% del monto total de la reserva. A partir del d\u00eda 27 antes del check-in, se cobrar\u00e1 el 100% del total de la reserva.[\/vc_column_text][\/vc_column_inner][\/vc_row_inner][vc_row_inner visibility=&#8221;visible-nb&#8221;][vc_column_inner][\/vc_column_inner][\/vc_row_inner][\/vc_column][\/mk_page_section][vc_row disable_element=&#8221;yes&#8221;][vc_column][vc_column_text css=&#8221;.vc_custom_1673953765886{margin-bottom: 0px !important;}&#8221;]\n<div>\n<h2>Book Direct with Free Cancellation<\/h2>\n<h3>Cancellation Conditions<\/h3>\n<\/div>\n<div>\n<p><strong>Individual travellers up to 10 persons:<\/strong><\/p>\n<p>Until one day before arrival 18.00 (local time at hotel) the reservation can be cancelled free of charge. If you cancel later, 100% of the cost of the first night will be charged. If you do not show up without cancellation, the 1st night and city tax will be charged. This also applies to short-term bookings within 2 days prior to arrival. &#8220;NONREF&#8221; bookings are also not cancellable.<\/p>\n<p>Any discounts or special offers through online booking engines can not be cancelled.<\/p>\n<\/div>\n<div>\n<p><strong>Groups of 10 or more people in the hotel:<\/strong><\/p>\n<p>Until 6 weeks before arrival can be cancelled free of charge.<\/p>\n<p>Up to 4 weeks before arrival 50% of the total price.<\/p>\n<p>From the 27th day before arrival 100% of the agreed total price.<\/p>\n<h3>Best-Price Guarantee<\/h3>\n<p>Book direct with Die Fabrik. If you find an even better price, we&#8217;ll match it. Simple.<\/p>\n<h3>Bed Linen<\/h3>\n<p>For bed linen in all dorm, we charge EUR 2.80 once per guest. In private rooms the bed linen are included.<\/p>\n<h3>City-Tax<\/h3>\n<p>We are obliged to pay a city tax of 5% of the total amount. We have to ask you at arrival to pay the additional amount. Business travelers are exempt from city tax but need to provide evidence. We regret any inconvenience this may cause you and hope for your understanding!<\/p>\n<p><a href=\"https:\/\/diefabrik.com\/files\/EmployersAttestation.pdf\" target=\"_blank\" rel=\"noopener noreferrer\"><b><div class=\"su-button-center\"><a href=\"https:\/\/diefabrik.com\/files\/EmployersAttestation.pdf\" class=\"su-button su-button-style-flat\" style=\"color:#fff;background-color:#000;border-color:#000000;border-radius:5px\" target=\"_blank\" rel=\"noopener noreferrer\"><span style=\"color:#fff;padding:0px 16px;font-size:13px;line-height:26px;border-color:#4d4d4d;border-radius:5px;text-shadow:none\"> Download Employer&#8217;s Attestation<\/span><\/a><\/div><\/b><\/a><\/p>\n<p>&nbsp;<\/p>\n<\/div>\n[\/vc_column_text][\/vc_column][\/vc_row][vc_row][vc_column][vc_column_text]\n<h2><\/h2>\n[\/vc_column_text][\/vc_column][\/vc_row]\n<\/div>","protected":false},"excerpt":{"rendered":"<p>[mk_page_section bg_image=&rdquo;https:\/\/www.diefabrik.com\/wp-content\/uploads\/2023\/01\/ubahn-1.jpg&rdquo; attachment=&rdquo;fixed&rdquo; bg_position=&rdquo;center top&rdquo; bg_repeat=&rdquo;no-repeat&rdquo; bg_stretch=&rdquo;true&rdquo; enable_3d=&rdquo;true&rdquo; min_height=&rdquo;930&Prime; full_width=&rdquo;true&rdquo; sidebar=&rdquo;sidebar-1&Prime;][vc_column][vc_row_inner is_fullwidth_content=&rdquo;false&rdquo; el_class=&rdquo;booking&rdquo;][vc_column_inner][mk_padding_divider size=&rdquo;400&Prime;][mk_fancy_title strip_tags=&rdquo;true&rdquo; color=&rdquo;#8f2825&Prime; size=&rdquo;40&Prime; force_font_size=&rdquo;true&rdquo; size_smallscreen=&rdquo;36&Prime; size_tablet=&rdquo;22&Prime; size_phone=&rdquo;18&Prime; letter_spacing=&rdquo;1&Prime; margin_top=&rdquo;&rdquo; margin_bottom=&rdquo;0&Prime; font_family=&rdquo;none&rdquo; align=&rdquo;center&rdquo; el_class=&rdquo;header-title&rdquo;] YA CASI EST&Aacute;S..! [\/mk_fancy_title][\/vc_column_inner][\/vc_row_inner][\/vc_column][\/mk_page_section][mk_page_section bg_image=&rdquo;https:\/\/www.diefabrik.com\/wp-content\/uploads\/2019\/10\/grunge_wall_web_light-768&times;432.png&rdquo; bg_color=&rdquo;#ffffff&rdquo; border_color=&rdquo;rgba(0,0,0,0)&rdquo; enable_3d=&rdquo;true&rdquo; sidebar=&rdquo;sidebar-1&Prime;][vc_column][vc_row_inner][vc_column_inner][mk_padding_divider][vc_column_text css=&rdquo;.vc_custom_1674730829151{margin-bottom: 0px !important;}&rdquo;] Reserva directamente con la opci&oacute;n de cancelaci&oacute;n gratuita Por fin encontraste el lugar perfecto para descubrir [&hellip;]<\/p>\n","protected":false},"author":1,"featured_media":0,"parent":0,"menu_order":0,"comment_status":"closed","ping_status":"closed","template":"","meta":{"_acf_changed":false,"footnotes":""},"class_list":["post-788","page","type-page","status-publish","hentry"],"acf":[],"yoast_head":"<!-- This site is optimized with the Yoast SEO plugin v27.3 - https:\/\/yoast.com\/product\/yoast-seo-wordpress\/ -->\n<title>Booking-ES - DIE FABRIK HOSTEL HOTEL<\/title>\n<meta name=\"robots\" content=\"index, follow, max-snippet:-1, max-image-preview:large, max-video-preview:-1\" \/>\n<link rel=\"canonical\" href=\"https:\/\/www.diefabrik.com\/es\/booking-es\/\" \/>\n<meta property=\"og:locale\" content=\"es_ES\" \/>\n<meta property=\"og:type\" content=\"article\" \/>\n<meta property=\"og:title\" content=\"Booking-ES - DIE FABRIK HOSTEL HOTEL\" \/>\n<meta property=\"og:description\" content=\"[mk_page_section bg_image=&rdquo;https:\/\/www.diefabrik.com\/wp-content\/uploads\/2023\/01\/ubahn-1.jpg&rdquo; attachment=&rdquo;fixed&rdquo; bg_position=&rdquo;center top&rdquo; bg_repeat=&rdquo;no-repeat&rdquo; bg_stretch=&rdquo;true&rdquo; enable_3d=&rdquo;true&rdquo; min_height=&rdquo;930&Prime; full_width=&rdquo;true&rdquo; sidebar=&rdquo;sidebar-1&Prime;][vc_column][vc_row_inner is_fullwidth_content=&rdquo;false&rdquo; el_class=&rdquo;booking&rdquo;][vc_column_inner][mk_padding_divider size=&rdquo;400&Prime;][mk_fancy_title strip_tags=&rdquo;true&rdquo; color=&rdquo;#8f2825&Prime; size=&rdquo;40&Prime; force_font_size=&rdquo;true&rdquo; size_smallscreen=&rdquo;36&Prime; size_tablet=&rdquo;22&Prime; size_phone=&rdquo;18&Prime; letter_spacing=&rdquo;1&Prime; margin_top=&rdquo;&rdquo; margin_bottom=&rdquo;0&Prime; font_family=&rdquo;none&rdquo; align=&rdquo;center&rdquo; el_class=&rdquo;header-title&rdquo;] YA CASI EST&Aacute;S..! [\/mk_fancy_title][\/vc_column_inner][\/vc_row_inner][\/vc_column][\/mk_page_section][mk_page_section bg_image=&rdquo;https:\/\/www.diefabrik.com\/wp-content\/uploads\/2019\/10\/grunge_wall_web_light-768&times;432.png&rdquo; bg_color=&rdquo;#ffffff&rdquo; border_color=&rdquo;rgba(0,0,0,0)&rdquo; enable_3d=&rdquo;true&rdquo; sidebar=&rdquo;sidebar-1&Prime;][vc_column][vc_row_inner][vc_column_inner][mk_padding_divider][vc_column_text css=&rdquo;.vc_custom_1674730829151{margin-bottom: 0px !important;}&rdquo;] Reserva directamente con la opci&oacute;n de cancelaci&oacute;n gratuita Por fin encontraste el lugar perfecto para descubrir [&hellip;]\" \/>\n<meta property=\"og:url\" content=\"https:\/\/www.diefabrik.com\/es\/booking-es\/\" \/>\n<meta property=\"og:site_name\" content=\"DIE FABRIK HOSTEL HOTEL\" \/>\n<meta property=\"article:modified_time\" content=\"2023-02-16T08:47:32+00:00\" \/>\n<meta name=\"twitter:card\" content=\"summary_large_image\" \/>\n<meta name=\"twitter:label1\" content=\"Tiempo de lectura\" \/>\n\t<meta name=\"twitter:data1\" content=\"3 minutos\" \/>\n<script type=\"application\/ld+json\" class=\"yoast-schema-graph\">{\"@context\":\"https:\\\/\\\/schema.org\",\"@graph\":[{\"@type\":\"WebPage\",\"@id\":\"https:\\\/\\\/www.diefabrik.com\\\/es\\\/booking-es\\\/\",\"url\":\"https:\\\/\\\/www.diefabrik.com\\\/es\\\/booking-es\\\/\",\"name\":\"Booking-ES - DIE FABRIK HOSTEL HOTEL\",\"isPartOf\":{\"@id\":\"https:\\\/\\\/www.diefabrik.com\\\/es\\\/#website\"},\"datePublished\":\"2020-03-02T11:35:29+00:00\",\"dateModified\":\"2023-02-16T08:47:32+00:00\",\"breadcrumb\":{\"@id\":\"https:\\\/\\\/www.diefabrik.com\\\/es\\\/booking-es\\\/#breadcrumb\"},\"inLanguage\":\"es\",\"potentialAction\":[{\"@type\":\"ReadAction\",\"target\":[\"https:\\\/\\\/www.diefabrik.com\\\/es\\\/booking-es\\\/\"]}]},{\"@type\":\"BreadcrumbList\",\"@id\":\"https:\\\/\\\/www.diefabrik.com\\\/es\\\/booking-es\\\/#breadcrumb\",\"itemListElement\":[{\"@type\":\"ListItem\",\"position\":1,\"name\":\"Home\",\"item\":\"https:\\\/\\\/www.diefabrik.com\\\/es\\\/\"},{\"@type\":\"ListItem\",\"position\":2,\"name\":\"Booking-ES\"}]},{\"@type\":\"WebSite\",\"@id\":\"https:\\\/\\\/www.diefabrik.com\\\/es\\\/#website\",\"url\":\"https:\\\/\\\/www.diefabrik.com\\\/es\\\/\",\"name\":\"DIE FABRIK HOSTEL HOTEL\",\"description\":\"Das besondere Hotel Hostel in Berlin-Kreuzberg\",\"potentialAction\":[{\"@type\":\"SearchAction\",\"target\":{\"@type\":\"EntryPoint\",\"urlTemplate\":\"https:\\\/\\\/www.diefabrik.com\\\/es\\\/?s={search_term_string}\"},\"query-input\":{\"@type\":\"PropertyValueSpecification\",\"valueRequired\":true,\"valueName\":\"search_term_string\"}}],\"inLanguage\":\"es\"}]}<\/script>\n<!-- \/ Yoast SEO plugin. -->","yoast_head_json":{"title":"Booking-ES - DIE FABRIK HOSTEL HOTEL","robots":{"index":"index","follow":"follow","max-snippet":"max-snippet:-1","max-image-preview":"max-image-preview:large","max-video-preview":"max-video-preview:-1"},"canonical":"https:\/\/www.diefabrik.com\/es\/booking-es\/","og_locale":"es_ES","og_type":"article","og_title":"Booking-ES - DIE FABRIK HOSTEL HOTEL","og_description":"[mk_page_section bg_image=&rdquo;https:\/\/www.diefabrik.com\/wp-content\/uploads\/2023\/01\/ubahn-1.jpg&rdquo; attachment=&rdquo;fixed&rdquo; bg_position=&rdquo;center top&rdquo; bg_repeat=&rdquo;no-repeat&rdquo; bg_stretch=&rdquo;true&rdquo; enable_3d=&rdquo;true&rdquo; min_height=&rdquo;930&Prime; full_width=&rdquo;true&rdquo; sidebar=&rdquo;sidebar-1&Prime;][vc_column][vc_row_inner is_fullwidth_content=&rdquo;false&rdquo; el_class=&rdquo;booking&rdquo;][vc_column_inner][mk_padding_divider size=&rdquo;400&Prime;][mk_fancy_title strip_tags=&rdquo;true&rdquo; color=&rdquo;#8f2825&Prime; size=&rdquo;40&Prime; force_font_size=&rdquo;true&rdquo; size_smallscreen=&rdquo;36&Prime; size_tablet=&rdquo;22&Prime; size_phone=&rdquo;18&Prime; letter_spacing=&rdquo;1&Prime; margin_top=&rdquo;&rdquo; margin_bottom=&rdquo;0&Prime; font_family=&rdquo;none&rdquo; align=&rdquo;center&rdquo; el_class=&rdquo;header-title&rdquo;] YA CASI EST&Aacute;S..! [\/mk_fancy_title][\/vc_column_inner][\/vc_row_inner][\/vc_column][\/mk_page_section][mk_page_section bg_image=&rdquo;https:\/\/www.diefabrik.com\/wp-content\/uploads\/2019\/10\/grunge_wall_web_light-768&times;432.png&rdquo; bg_color=&rdquo;#ffffff&rdquo; border_color=&rdquo;rgba(0,0,0,0)&rdquo; enable_3d=&rdquo;true&rdquo; sidebar=&rdquo;sidebar-1&Prime;][vc_column][vc_row_inner][vc_column_inner][mk_padding_divider][vc_column_text css=&rdquo;.vc_custom_1674730829151{margin-bottom: 0px !important;}&rdquo;] Reserva directamente con la opci&oacute;n de cancelaci&oacute;n gratuita Por fin encontraste el lugar perfecto para descubrir [&hellip;]","og_url":"https:\/\/www.diefabrik.com\/es\/booking-es\/","og_site_name":"DIE FABRIK HOSTEL HOTEL","article_modified_time":"2023-02-16T08:47:32+00:00","twitter_card":"summary_large_image","twitter_misc":{"Tiempo de lectura":"3 minutos"},"schema":{"@context":"https:\/\/schema.org","@graph":[{"@type":"WebPage","@id":"https:\/\/www.diefabrik.com\/es\/booking-es\/","url":"https:\/\/www.diefabrik.com\/es\/booking-es\/","name":"Booking-ES - DIE FABRIK HOSTEL HOTEL","isPartOf":{"@id":"https:\/\/www.diefabrik.com\/es\/#website"},"datePublished":"2020-03-02T11:35:29+00:00","dateModified":"2023-02-16T08:47:32+00:00","breadcrumb":{"@id":"https:\/\/www.diefabrik.com\/es\/booking-es\/#breadcrumb"},"inLanguage":"es","potentialAction":[{"@type":"ReadAction","target":["https:\/\/www.diefabrik.com\/es\/booking-es\/"]}]},{"@type":"BreadcrumbList","@id":"https:\/\/www.diefabrik.com\/es\/booking-es\/#breadcrumb","itemListElement":[{"@type":"ListItem","position":1,"name":"Home","item":"https:\/\/www.diefabrik.com\/es\/"},{"@type":"ListItem","position":2,"name":"Booking-ES"}]},{"@type":"WebSite","@id":"https:\/\/www.diefabrik.com\/es\/#website","url":"https:\/\/www.diefabrik.com\/es\/","name":"DIE FABRIK HOSTEL HOTEL","description":"Das besondere Hotel Hostel in Berlin-Kreuzberg","potentialAction":[{"@type":"SearchAction","target":{"@type":"EntryPoint","urlTemplate":"https:\/\/www.diefabrik.com\/es\/?s={search_term_string}"},"query-input":{"@type":"PropertyValueSpecification","valueRequired":true,"valueName":"search_term_string"}}],"inLanguage":"es"}]}},"_links":{"self":[{"href":"https:\/\/www.diefabrik.com\/es\/wp-json\/wp\/v2\/pages\/788","targetHints":{"allow":["GET"]}}],"collection":[{"href":"https:\/\/www.diefabrik.com\/es\/wp-json\/wp\/v2\/pages"}],"about":[{"href":"https:\/\/www.diefabrik.com\/es\/wp-json\/wp\/v2\/types\/page"}],"author":[{"embeddable":true,"href":"https:\/\/www.diefabrik.com\/es\/wp-json\/wp\/v2\/users\/1"}],"replies":[{"embeddable":true,"href":"https:\/\/www.diefabrik.com\/es\/wp-json\/wp\/v2\/comments?post=788"}],"version-history":[{"count":0,"href":"https:\/\/www.diefabrik.com\/es\/wp-json\/wp\/v2\/pages\/788\/revisions"}],"wp:attachment":[{"href":"https:\/\/www.diefabrik.com\/es\/wp-json\/wp\/v2\/media?parent=788"}],"curies":[{"name":"wp","href":"https:\/\/api.w.org\/{rel}","templated":true}]}}