{"id":503,"date":"2020-02-06T11:21:09","date_gmt":"2020-02-06T10:21:09","guid":{"rendered":"https:\/\/www.diefabrik.com\/?page_id=503"},"modified":"2024-06-30T17:01:00","modified_gmt":"2024-06-30T15:01:00","slug":"faq-fabrik-berlin-kreuzberg","status":"publish","type":"page","link":"https:\/\/www.diefabrik.com\/es\/faq-fabrik-berlin-kreuzberg\/","title":{"rendered":"FAQ Fabrik Berlin Kreuzberg"},"content":{"rendered":"<div class=\"wpb-content-wrapper\">[mk_page_section bg_image=&#8221;https:\/\/www.diefabrik.com\/wp-content\/uploads\/2020\/02\/faqs-fabrik-kreuzberg.jpg&#8221; attachment=&#8221;fixed&#8221; bg_position=&#8221;center top&#8221; bg_repeat=&#8221;no-repeat&#8221; bg_stretch=&#8221;true&#8221; enable_3d=&#8221;true&#8221; min_height=&#8221;930&#8243; full_width=&#8221;true&#8221; sidebar=&#8221;sidebar-1&#8243;][vc_column][vc_row_inner is_fullwidth_content=&#8221;false&#8221; el_class=&#8221;booking&#8221;][vc_column_inner][mk_padding_divider size=&#8221;400&#8243;][mk_fancy_title strip_tags=&#8221;true&#8221; color=&#8221;#8f2825&#8243; size=&#8221;40&#8243; force_font_size=&#8221;true&#8221; size_smallscreen=&#8221;36&#8243; size_tablet=&#8221;22&#8243; size_phone=&#8221;18&#8243; letter_spacing=&#8221;1&#8243; margin_top=&#8221;&#8221; margin_bottom=&#8221;0&#8243; font_family=&#8221;none&#8221; align=&#8221;center&#8221; el_class=&#8221;header-title&#8221;]\n<h2>PREGUNTAS?<\/h2>\n[\/mk_fancy_title][\/vc_column_inner][\/vc_row_inner][\/vc_column][\/mk_page_section][mk_page_section bg_image=&#8221;\/wp-content\/uploads\/2017\/12\/grunge_wall_web_light.png&#8221; bg_repeat=&#8221;no-repeat&#8221; bg_stretch=&#8221;true&#8221; sidebar=&#8221;sidebar-1&#8243;][vc_column][mk_padding_divider][mk_fancy_title strip_tags=&#8221;true&#8221; color=&#8221;#8e1a15&#8243; size=&#8221;36&#8243; margin_bottom=&#8221;0&#8243; font_family=&#8221;none&#8221; align=&#8221;center&#8221;]\n<h2>FAQ \u2013 Preguntas m\u00e1s frequentes<\/h2>\n[\/mk_fancy_title][vc_row_inner][vc_column_inner width=&#8221;1\/3&#8243;][vc_column_text css=&#8221;.vc_custom_1719759525948{margin-bottom: 0px !important;}&#8221;]<div class=\"su-spoiler su-spoiler-style-default su-spoiler-icon-plus faqs\" data-scroll-offset=\"0\" data-anchor-in-url=\"no\"><div class=\"su-spoiler-title\" tabindex=\"0\" role=\"button\"><span class=\"su-spoiler-icon\"><\/span>Quiero quedarme en el hotel, qu\u00e9 tengo que hacer?<\/div><div class=\"su-spoiler-content su-u-clearfix su-u-trim\">\n<p>Lo mejor es reservar tu habitaci\u00f3n o cama en nuestro Hotel con tiempo de anticipaci\u00f3n, para que as\u00ed puedas estar seguro que la categor\u00eda que deseas estar\u00e1 disponible. Puedes ver las distintas categor\u00edas que tenemos en\u00a0 Habitaciones Fabrik y en reserva en l\u00ednea a trav\u00e9s de diefabrik.com, tambi\u00e9n puedes visitar nuestra recepci\u00f3n cuando quieras. Si tienes suerte tendremos una habitaci\u00f3n disponible para ti.<\/p>\n<\/div><\/div>\n<div class=\"su-spoiler su-spoiler-style-default su-spoiler-icon-plus faqs su-spoiler-closed\" data-scroll-offset=\"0\" data-anchor-in-url=\"no\"><div class=\"su-spoiler-title\" tabindex=\"0\" role=\"button\"><span class=\"su-spoiler-icon\"><\/span>Necesito una tarjeta de cr\u00e9dito para poder reservar?<\/div><div class=\"su-spoiler-content su-u-clearfix su-u-trim\"> Para poder hacer una reserva en l\u00ednea necesitas una tarjeta de credito. Para reservas a trav\u00e9s de correo electr\u00f3nico necesitar\u00e1s hacer un dep\u00f3sito previo del 50% del monto total para poder confirmar la reserva. Por favor toma en cuenta que el pago debe ser hecho antes de tu llegada.\u00a0 <\/div><\/div>\n<div class=\"su-spoiler su-spoiler-style-default su-spoiler-icon-plus faqs su-spoiler-closed\" data-scroll-offset=\"0\" data-anchor-in-url=\"no\"><div class=\"su-spoiler-title\" tabindex=\"0\" role=\"button\"><span class=\"su-spoiler-icon\"><\/span>Cuando puedo hacer el check in y el check out?<\/div><div class=\"su-spoiler-content su-u-clearfix su-u-trim\"> Nuestro check in es a partir de las 3.30 pm. El check out, el d\u00eda de tu partida es hasta las 11 de la ma\u00f1ana.<\/p>\n<p>Nosotros hacemos lo mejor para que puedas entrar a tu habitaci\u00f3n lo antes posible. Sin embargo, no podemos garantizar un check in antes de la hora oficial. Si llegas antes de las 3.30 pm puedes guardar tu equipaje por un par de horas gratis.\u00a0<\/div><\/div>\n<div class=\"su-spoiler su-spoiler-style-default su-spoiler-icon-plus faqs su-spoiler-closed\" data-scroll-offset=\"0\" data-anchor-in-url=\"no\"><div class=\"su-spoiler-title\" tabindex=\"0\" role=\"button\"><span class=\"su-spoiler-icon\"><\/span>Qu\u00e9 tengo que hacer \/ qu\u00e9 necesito para el check in y check out?<\/div><div class=\"su-spoiler-content su-u-clearfix su-u-trim\"> Para el check in necesitas un Documento Personal (ID\/DNI\/Pasaporte) v\u00e1lido. Para el check out s\u00f3lo necesitamos la llave de tu habitaci\u00f3n y las toallas que te hayamos prestado.\u00a0 <\/div><\/div>\n<div class=\"su-spoiler su-spoiler-style-default su-spoiler-icon-plus faqs su-spoiler-closed\" data-scroll-offset=\"0\" data-anchor-in-url=\"no\"><div class=\"su-spoiler-title\" tabindex=\"0\" role=\"button\"><span class=\"su-spoiler-icon\"><\/span>Por qu\u00e9 tengo que rellenar un formulario de registro?<\/div><div class=\"su-spoiler-content su-u-clearfix su-u-trim\"> En Alemania existe una obligaci\u00f3n legal de registro. Por lo tanto, necesitamos recolectar toda la informaci\u00f3n necesaria que se pide en el formulario al momento del check in.\u00a0<\/div><\/div>\n[\/vc_column_text][\/vc_column_inner][vc_column_inner width=&#8221;1\/3&#8243;][vc_column_text css=&#8221;.vc_custom_1719759650043{margin-bottom: 0px !important;}&#8221;]<div class=\"su-spoiler su-spoiler-style-default su-spoiler-icon-plus faqs\" data-scroll-offset=\"0\" data-anchor-in-url=\"no\"><div class=\"su-spoiler-title\" tabindex=\"0\" role=\"button\"><span class=\"su-spoiler-icon\"><\/span>En qu\u00e9 horarios est\u00e1 la recepci\u00f3n abierta?<\/div><div class=\"su-spoiler-content su-u-clearfix su-u-trim\"> Nuestra recepci\u00f3n est\u00e1 abierta todos los d\u00edas de 10.00 a 22.00 horas. <\/div><\/div>\n<div class=\"su-spoiler su-spoiler-style-default su-spoiler-icon-plus faqs su-spoiler-closed\" data-scroll-offset=\"0\" data-anchor-in-url=\"no\"><div class=\"su-spoiler-title\" tabindex=\"0\" role=\"button\"><span class=\"su-spoiler-icon\"><\/span>Cu\u00e1ndo y c\u00f3mo puedo pagar?<\/div><div class=\"su-spoiler-content su-u-clearfix su-u-trim\"> Te pedimos pagar el monto total de tu reserva al momento de llegada. Puedes pagar con efectivo, tarjeta de cr\u00e9dito o d\u00e9bito. Las reservas a largo plazo tambien pueden ser pagadas a trav\u00e9s de una transferencia bancaria.\u00a0 <\/div><\/div>\n<div class=\"su-spoiler su-spoiler-style-default su-spoiler-icon-plus faqs su-spoiler-closed\" data-scroll-offset=\"0\" data-anchor-in-url=\"no\"><div class=\"su-spoiler-title\" tabindex=\"0\" role=\"button\"><span class=\"su-spoiler-icon\"><\/span>C\u00f3mo llego a Die Fabrik?<\/div><div class=\"su-spoiler-content su-u-clearfix su-u-trim\"> Mira, aqu\u00ed, hemos escrito todas las rutas posibles para t\u00ed.\u00a0<\/div><\/div>\n<div class=\"su-spoiler su-spoiler-style-default su-spoiler-icon-plus faqs su-spoiler-closed\" data-scroll-offset=\"0\" data-anchor-in-url=\"no\"><div class=\"su-spoiler-title\" tabindex=\"0\" role=\"button\"><span class=\"su-spoiler-icon\"><\/span>Tienen estacionamientos?<\/div><div class=\"su-spoiler-content su-u-clearfix su-u-trim\"> Hay muchas opciones para estacionar tu auto cerca de nuestro Hotel.\u00a0 <\/div><\/div>\n<div class=\"su-spoiler su-spoiler-style-default su-spoiler-icon-plus faqs su-spoiler-closed\" data-scroll-offset=\"0\" data-anchor-in-url=\"no\"><div class=\"su-spoiler-title\" tabindex=\"0\" role=\"button\"><span class=\"su-spoiler-icon\"><\/span>Tienen Wi-Fi gratis?<\/div><div class=\"su-spoiler-content su-u-clearfix su-u-trim\"> Por supuesto! Tenemos Wi-Fi gratis y la clave la puedes encontrar en nuestra recepci\u00f3n. <\/div><\/div>\n<div class=\"su-spoiler su-spoiler-style-default su-spoiler-icon-plus faqs su-spoiler-closed\" data-scroll-offset=\"0\" data-anchor-in-url=\"no\"><div class=\"su-spoiler-title\" tabindex=\"0\" role=\"button\"><span class=\"su-spoiler-icon\"><\/span>Puedo traer mis mascotas?<\/div><div class=\"su-spoiler-content su-u-clearfix su-u-trim\"> Te pedimos por favor dejar a tus mascotas en casa. En nuestro hostal no est\u00e1 permitido traer mascotas.\u00a0 <\/div><\/div>\n<div class=\"su-spoiler su-spoiler-style-default su-spoiler-icon-plus faqs su-spoiler-closed\" data-scroll-offset=\"0\" data-anchor-in-url=\"no\"><div class=\"su-spoiler-title\" tabindex=\"0\" role=\"button\"><span class=\"su-spoiler-icon\"><\/span>Puedo fumar en el Hotel?<\/div><div class=\"su-spoiler-content su-u-clearfix su-u-trim\"> Nosotros somos un Hotel de no fumadores. Te pedimos por favor no fumar dentro del hostal\/habitaciones. Para fumar puedes usar los espacios al aire libre.\u00a0 <\/div><\/div>\n<div class=\"su-spoiler su-spoiler-style-default su-spoiler-icon-plus faqs su-spoiler-closed\" data-scroll-offset=\"0\" data-anchor-in-url=\"no\"><div class=\"su-spoiler-title\" tabindex=\"0\" role=\"button\"><span class=\"su-spoiler-icon\"><\/span>Necesito traer toallas, s\u00e1banas o secador de pelo?<\/div><div class=\"su-spoiler-content su-u-clearfix su-u-trim\">\n<p>Las s\u00e1banas y toallas est\u00e1n inclu\u00eddas en los precios de las habitaciones singulares, dobles y triples. Para las habitaciones compartidas cobramos una cuota extra de 2.80 \u20ac para los costos de lavander\u00eda.<\/p>\n<p>Por motivos de higiene no est\u00e1 permitido usar tu saco de dormir.<\/p>\n<p>Puedes traer tus propias toallas o rentarlas en nuestra recepci\u00f3n por un precio extra de \u20ac 2.50. Puedes pedir un secador de pelo en la recepci\u00f3n sin costos adheridos.<\/p>\n<\/div><\/div>[\/vc_column_text][\/vc_column_inner][vc_column_inner width=&#8221;1\/3&#8243;][vc_column_text css=&#8221;.vc_custom_1698844513432{margin-bottom: 0px !important;}&#8221;]<div class=\"su-spoiler su-spoiler-style-default su-spoiler-icon-plus faqs\" data-scroll-offset=\"0\" data-anchor-in-url=\"no\"><div class=\"su-spoiler-title\" tabindex=\"0\" role=\"button\"><span class=\"su-spoiler-icon\"><\/span>Tengo que compartir el ba\u00f1o?<\/div><div class=\"su-spoiler-content su-u-clearfix su-u-trim\"> \u00c9sto va a depender de el tipo de habitaci\u00f3n que reservaste. En el caso de que tengas que compartir, encontrar\u00e1s ba\u00f1os en cada piso. Los ba\u00f1os se limpian mas de una vez al d\u00eda, para as\u00ed mantener su limpieza.<\/div><\/div>\n<div class=\"su-spoiler su-spoiler-style-default su-spoiler-icon-plus faqs su-spoiler-closed\" data-scroll-offset=\"0\" data-anchor-in-url=\"no\"><div class=\"su-spoiler-title\" tabindex=\"0\" role=\"button\"><span class=\"su-spoiler-icon\"><\/span>C\u00f3mo est\u00e1n dise\u00f1adas las habitaciones?<\/div><div class=\"su-spoiler-content su-u-clearfix su-u-trim\"> Nuestras habitaciones est\u00e1n dise\u00f1adas de manera funcional. Decidimos deliberadamente no tener televisores,\u00a0 tel\u00e9fonos ni minibar.<\/p>\n<p>Encontrar\u00e1s Wi-Fi en todas las habitaciones y la clave est\u00e1 en la recepci\u00f3n. <\/div><\/div>\n<div class=\"su-spoiler su-spoiler-style-default su-spoiler-icon-plus faqs su-spoiler-closed\" data-scroll-offset=\"0\" data-anchor-in-url=\"no\"><div class=\"su-spoiler-title\" tabindex=\"0\" role=\"button\"><span class=\"su-spoiler-icon\"><\/span>Tienen habitaciones solo para mujeres?<\/div><div class=\"su-spoiler-content su-u-clearfix su-u-trim\"> Por supuesto! Dependiendo de su disponibilidad, puedes reservar camas en una habitacion solo para mujeres sin costos adicionales. La habitaci\u00f3n puede acomodar hasta a 4 personas.<\/div><\/div>\n<div class=\"su-spoiler su-spoiler-style-default su-spoiler-icon-plus faqs su-spoiler-closed\" data-scroll-offset=\"0\" data-anchor-in-url=\"no\"><div class=\"su-spoiler-title\" tabindex=\"0\" role=\"button\"><span class=\"su-spoiler-icon\"><\/span>Hay lockers\/casillas para guardar el equipaje?<\/div><div class=\"su-spoiler-content su-u-clearfix su-u-trim\"> En las habitaciones compartidas hay lockers\/casillas . Para ellas puedes traer tu propio candado o comprar uno por 3.50 \u20ac en nuestra recepci\u00f3n. El d\u00eda del check in y despu\u00e9s del check out puedes dejar tu equipaje en nuestra sala de equipajes por un par de horas.\u00a0 <\/div><\/div>\n<div class=\"su-spoiler su-spoiler-style-default su-spoiler-icon-plus faqs su-spoiler-closed\" data-scroll-offset=\"0\" data-anchor-in-url=\"no\"><div class=\"su-spoiler-title\" tabindex=\"0\" role=\"button\"><span class=\"su-spoiler-icon\"><\/span>D\u00f3nde puedo comprar algo para comer?<\/div><div class=\"su-spoiler-content su-u-clearfix su-u-trim\"> Los caf\u00e9s de Kreuzberg en las cercan\u00edas del Hotel te invitan a disfrutar de un desayuno para tu resaca despues de una noche en Berlin. Da igual qu\u00e9 tan hambriento est\u00e1s o si s\u00f3lo antojas de un Currywurst, comida vegeratiana, veganas, etc. En Kreuzberg encuentras de todo!<\/p>\n<p>Para las noches tienes m\u00e1s opciones: un Bar tranquilo t\u00edpico de Berl\u00edn o un Club de m\u00fasica electr\u00f3nica? Toma de tus tragos preferidos donde quieras! Tu cama no estar\u00e1 muy lejos en Die Fabrik Hostel Hotel. <\/div><\/div>\n<div class=\"su-spoiler su-spoiler-style-default su-spoiler-icon-plus faqs su-spoiler-closed\" data-scroll-offset=\"0\" data-anchor-in-url=\"no\"><div class=\"su-spoiler-title\" tabindex=\"0\" role=\"button\"><span class=\"su-spoiler-icon\"><\/span>Puedo comprar bebidas en el Hotel?<\/div><div class=\"su-spoiler-content su-u-clearfix su-u-trim\"> En la recepci\u00f3n tenemos un peque\u00f1a selecci\u00f3n de bebidas para comprar.\u00a0 <\/div><\/div>[\/vc_column_text][\/vc_column_inner][\/vc_row_inner][vc_raw_html]JTNDYSUyMG5hbWUlM0QlMjJhbmZhaHJ0JTIyJTNFJTNDJTJGYSUzRQ==[\/vc_raw_html][\/vc_column][\/mk_page_section]\n<\/div>","protected":false},"excerpt":{"rendered":"<p>[mk_page_section bg_image=&rdquo;https:\/\/www.diefabrik.com\/wp-content\/uploads\/2020\/02\/faqs-fabrik-kreuzberg.jpg&rdquo; attachment=&rdquo;fixed&rdquo; bg_position=&rdquo;center top&rdquo; bg_repeat=&rdquo;no-repeat&rdquo; bg_stretch=&rdquo;true&rdquo; enable_3d=&rdquo;true&rdquo; min_height=&rdquo;930&Prime; full_width=&rdquo;true&rdquo; sidebar=&rdquo;sidebar-1&Prime;][vc_column][vc_row_inner is_fullwidth_content=&rdquo;false&rdquo; el_class=&rdquo;booking&rdquo;][vc_column_inner][mk_padding_divider size=&rdquo;400&Prime;][mk_fancy_title strip_tags=&rdquo;true&rdquo; color=&rdquo;#8f2825&Prime; size=&rdquo;40&Prime; force_font_size=&rdquo;true&rdquo; size_smallscreen=&rdquo;36&Prime; size_tablet=&rdquo;22&Prime; size_phone=&rdquo;18&Prime; letter_spacing=&rdquo;1&Prime; margin_top=&rdquo;&rdquo; margin_bottom=&rdquo;0&Prime; font_family=&rdquo;none&rdquo; align=&rdquo;center&rdquo; el_class=&rdquo;header-title&rdquo;] PREGUNTAS? [\/mk_fancy_title][\/vc_column_inner][\/vc_row_inner][\/vc_column][\/mk_page_section][mk_page_section bg_image=&rdquo;\/wp-content\/uploads\/2017\/12\/grunge_wall_web_light.png&rdquo; bg_repeat=&rdquo;no-repeat&rdquo; bg_stretch=&rdquo;true&rdquo; sidebar=&rdquo;sidebar-1&Prime;][vc_column][mk_padding_divider][mk_fancy_title strip_tags=&rdquo;true&rdquo; color=&rdquo;#8e1a15&Prime; size=&rdquo;36&Prime; margin_bottom=&rdquo;0&Prime; font_family=&rdquo;none&rdquo; align=&rdquo;center&rdquo;] FAQ &ndash; Preguntas m&aacute;s frequentes [\/mk_fancy_title][vc_row_inner][vc_column_inner width=&rdquo;1\/3&Prime;][vc_column_text css=&rdquo;.vc_custom_1719759525948{margin-bottom: 0px !important;}&rdquo;] [\/vc_column_text][\/vc_column_inner][vc_column_inner width=&rdquo;1\/3&Prime;][vc_column_text css=&rdquo;.vc_custom_1719759650043{margin-bottom: 0px !important;}&rdquo;] [\/vc_column_text][\/vc_column_inner][vc_column_inner [&hellip;]<\/p>\n","protected":false},"author":1,"featured_media":0,"parent":0,"menu_order":0,"comment_status":"closed","ping_status":"closed","template":"","meta":{"_acf_changed":false,"footnotes":""},"class_list":["post-503","page","type-page","status-publish","hentry"],"acf":[],"yoast_head":"<!-- This site is optimized with the Yoast SEO plugin v27.3 - https:\/\/yoast.com\/product\/yoast-seo-wordpress\/ -->\n<title>FAQ Fabrik Berlin Kreuzberg - DIE FABRIK HOSTEL HOTEL<\/title>\n<meta name=\"robots\" content=\"index, follow, max-snippet:-1, max-image-preview:large, max-video-preview:-1\" \/>\n<link rel=\"canonical\" href=\"https:\/\/www.diefabrik.com\/es\/faq-fabrik-berlin-kreuzberg\/\" \/>\n<meta property=\"og:locale\" content=\"es_ES\" \/>\n<meta property=\"og:type\" content=\"article\" \/>\n<meta property=\"og:title\" content=\"FAQ Fabrik Berlin Kreuzberg - DIE FABRIK HOSTEL HOTEL\" \/>\n<meta property=\"og:description\" content=\"[mk_page_section bg_image=&rdquo;https:\/\/www.diefabrik.com\/wp-content\/uploads\/2020\/02\/faqs-fabrik-kreuzberg.jpg&rdquo; attachment=&rdquo;fixed&rdquo; bg_position=&rdquo;center top&rdquo; bg_repeat=&rdquo;no-repeat&rdquo; bg_stretch=&rdquo;true&rdquo; enable_3d=&rdquo;true&rdquo; min_height=&rdquo;930&Prime; full_width=&rdquo;true&rdquo; sidebar=&rdquo;sidebar-1&Prime;][vc_column][vc_row_inner is_fullwidth_content=&rdquo;false&rdquo; el_class=&rdquo;booking&rdquo;][vc_column_inner][mk_padding_divider size=&rdquo;400&Prime;][mk_fancy_title strip_tags=&rdquo;true&rdquo; color=&rdquo;#8f2825&Prime; size=&rdquo;40&Prime; force_font_size=&rdquo;true&rdquo; size_smallscreen=&rdquo;36&Prime; size_tablet=&rdquo;22&Prime; size_phone=&rdquo;18&Prime; letter_spacing=&rdquo;1&Prime; margin_top=&rdquo;&rdquo; margin_bottom=&rdquo;0&Prime; font_family=&rdquo;none&rdquo; align=&rdquo;center&rdquo; el_class=&rdquo;header-title&rdquo;] PREGUNTAS? [\/mk_fancy_title][\/vc_column_inner][\/vc_row_inner][\/vc_column][\/mk_page_section][mk_page_section bg_image=&rdquo;\/wp-content\/uploads\/2017\/12\/grunge_wall_web_light.png&rdquo; bg_repeat=&rdquo;no-repeat&rdquo; bg_stretch=&rdquo;true&rdquo; sidebar=&rdquo;sidebar-1&Prime;][vc_column][mk_padding_divider][mk_fancy_title strip_tags=&rdquo;true&rdquo; color=&rdquo;#8e1a15&Prime; size=&rdquo;36&Prime; margin_bottom=&rdquo;0&Prime; font_family=&rdquo;none&rdquo; align=&rdquo;center&rdquo;] FAQ &ndash; Preguntas m&aacute;s frequentes [\/mk_fancy_title][vc_row_inner][vc_column_inner width=&rdquo;1\/3&Prime;][vc_column_text css=&rdquo;.vc_custom_1719759525948{margin-bottom: 0px !important;}&rdquo;] [\/vc_column_text][\/vc_column_inner][vc_column_inner width=&rdquo;1\/3&Prime;][vc_column_text css=&rdquo;.vc_custom_1719759650043{margin-bottom: 0px !important;}&rdquo;] [\/vc_column_text][\/vc_column_inner][vc_column_inner [&hellip;]\" \/>\n<meta property=\"og:url\" content=\"https:\/\/www.diefabrik.com\/es\/faq-fabrik-berlin-kreuzberg\/\" \/>\n<meta property=\"og:site_name\" content=\"DIE FABRIK HOSTEL HOTEL\" \/>\n<meta property=\"article:modified_time\" content=\"2024-06-30T15:01:00+00:00\" \/>\n<meta name=\"twitter:card\" content=\"summary_large_image\" \/>\n<meta name=\"twitter:label1\" content=\"Tiempo de lectura\" \/>\n\t<meta name=\"twitter:data1\" content=\"5 minutos\" \/>\n<script type=\"application\/ld+json\" class=\"yoast-schema-graph\">{\"@context\":\"https:\\\/\\\/schema.org\",\"@graph\":[{\"@type\":\"WebPage\",\"@id\":\"https:\\\/\\\/www.diefabrik.com\\\/es\\\/faq-fabrik-berlin-kreuzberg\\\/\",\"url\":\"https:\\\/\\\/www.diefabrik.com\\\/es\\\/faq-fabrik-berlin-kreuzberg\\\/\",\"name\":\"FAQ Fabrik Berlin Kreuzberg - DIE FABRIK HOSTEL HOTEL\",\"isPartOf\":{\"@id\":\"https:\\\/\\\/www.diefabrik.com\\\/es\\\/#website\"},\"datePublished\":\"2020-02-06T10:21:09+00:00\",\"dateModified\":\"2024-06-30T15:01:00+00:00\",\"breadcrumb\":{\"@id\":\"https:\\\/\\\/www.diefabrik.com\\\/es\\\/faq-fabrik-berlin-kreuzberg\\\/#breadcrumb\"},\"inLanguage\":\"es\",\"potentialAction\":[{\"@type\":\"ReadAction\",\"target\":[\"https:\\\/\\\/www.diefabrik.com\\\/es\\\/faq-fabrik-berlin-kreuzberg\\\/\"]}]},{\"@type\":\"BreadcrumbList\",\"@id\":\"https:\\\/\\\/www.diefabrik.com\\\/es\\\/faq-fabrik-berlin-kreuzberg\\\/#breadcrumb\",\"itemListElement\":[{\"@type\":\"ListItem\",\"position\":1,\"name\":\"Home\",\"item\":\"https:\\\/\\\/www.diefabrik.com\\\/es\\\/\"},{\"@type\":\"ListItem\",\"position\":2,\"name\":\"FAQ Fabrik Berlin Kreuzberg\"}]},{\"@type\":\"WebSite\",\"@id\":\"https:\\\/\\\/www.diefabrik.com\\\/es\\\/#website\",\"url\":\"https:\\\/\\\/www.diefabrik.com\\\/es\\\/\",\"name\":\"DIE FABRIK HOSTEL HOTEL\",\"description\":\"Das besondere Hotel Hostel in Berlin-Kreuzberg\",\"potentialAction\":[{\"@type\":\"SearchAction\",\"target\":{\"@type\":\"EntryPoint\",\"urlTemplate\":\"https:\\\/\\\/www.diefabrik.com\\\/es\\\/?s={search_term_string}\"},\"query-input\":{\"@type\":\"PropertyValueSpecification\",\"valueRequired\":true,\"valueName\":\"search_term_string\"}}],\"inLanguage\":\"es\"}]}<\/script>\n<!-- \/ Yoast SEO plugin. -->","yoast_head_json":{"title":"FAQ Fabrik Berlin Kreuzberg - DIE FABRIK HOSTEL HOTEL","robots":{"index":"index","follow":"follow","max-snippet":"max-snippet:-1","max-image-preview":"max-image-preview:large","max-video-preview":"max-video-preview:-1"},"canonical":"https:\/\/www.diefabrik.com\/es\/faq-fabrik-berlin-kreuzberg\/","og_locale":"es_ES","og_type":"article","og_title":"FAQ Fabrik Berlin Kreuzberg - DIE FABRIK HOSTEL HOTEL","og_description":"[mk_page_section bg_image=&rdquo;https:\/\/www.diefabrik.com\/wp-content\/uploads\/2020\/02\/faqs-fabrik-kreuzberg.jpg&rdquo; attachment=&rdquo;fixed&rdquo; bg_position=&rdquo;center top&rdquo; bg_repeat=&rdquo;no-repeat&rdquo; bg_stretch=&rdquo;true&rdquo; enable_3d=&rdquo;true&rdquo; min_height=&rdquo;930&Prime; full_width=&rdquo;true&rdquo; sidebar=&rdquo;sidebar-1&Prime;][vc_column][vc_row_inner is_fullwidth_content=&rdquo;false&rdquo; el_class=&rdquo;booking&rdquo;][vc_column_inner][mk_padding_divider size=&rdquo;400&Prime;][mk_fancy_title strip_tags=&rdquo;true&rdquo; color=&rdquo;#8f2825&Prime; size=&rdquo;40&Prime; force_font_size=&rdquo;true&rdquo; size_smallscreen=&rdquo;36&Prime; size_tablet=&rdquo;22&Prime; size_phone=&rdquo;18&Prime; letter_spacing=&rdquo;1&Prime; margin_top=&rdquo;&rdquo; margin_bottom=&rdquo;0&Prime; font_family=&rdquo;none&rdquo; align=&rdquo;center&rdquo; el_class=&rdquo;header-title&rdquo;] PREGUNTAS? [\/mk_fancy_title][\/vc_column_inner][\/vc_row_inner][\/vc_column][\/mk_page_section][mk_page_section bg_image=&rdquo;\/wp-content\/uploads\/2017\/12\/grunge_wall_web_light.png&rdquo; bg_repeat=&rdquo;no-repeat&rdquo; bg_stretch=&rdquo;true&rdquo; sidebar=&rdquo;sidebar-1&Prime;][vc_column][mk_padding_divider][mk_fancy_title strip_tags=&rdquo;true&rdquo; color=&rdquo;#8e1a15&Prime; size=&rdquo;36&Prime; margin_bottom=&rdquo;0&Prime; font_family=&rdquo;none&rdquo; align=&rdquo;center&rdquo;] FAQ &ndash; Preguntas m&aacute;s frequentes [\/mk_fancy_title][vc_row_inner][vc_column_inner width=&rdquo;1\/3&Prime;][vc_column_text css=&rdquo;.vc_custom_1719759525948{margin-bottom: 0px !important;}&rdquo;] [\/vc_column_text][\/vc_column_inner][vc_column_inner width=&rdquo;1\/3&Prime;][vc_column_text css=&rdquo;.vc_custom_1719759650043{margin-bottom: 0px !important;}&rdquo;] [\/vc_column_text][\/vc_column_inner][vc_column_inner [&hellip;]","og_url":"https:\/\/www.diefabrik.com\/es\/faq-fabrik-berlin-kreuzberg\/","og_site_name":"DIE FABRIK HOSTEL HOTEL","article_modified_time":"2024-06-30T15:01:00+00:00","twitter_card":"summary_large_image","twitter_misc":{"Tiempo de lectura":"5 minutos"},"schema":{"@context":"https:\/\/schema.org","@graph":[{"@type":"WebPage","@id":"https:\/\/www.diefabrik.com\/es\/faq-fabrik-berlin-kreuzberg\/","url":"https:\/\/www.diefabrik.com\/es\/faq-fabrik-berlin-kreuzberg\/","name":"FAQ Fabrik Berlin Kreuzberg - DIE FABRIK HOSTEL HOTEL","isPartOf":{"@id":"https:\/\/www.diefabrik.com\/es\/#website"},"datePublished":"2020-02-06T10:21:09+00:00","dateModified":"2024-06-30T15:01:00+00:00","breadcrumb":{"@id":"https:\/\/www.diefabrik.com\/es\/faq-fabrik-berlin-kreuzberg\/#breadcrumb"},"inLanguage":"es","potentialAction":[{"@type":"ReadAction","target":["https:\/\/www.diefabrik.com\/es\/faq-fabrik-berlin-kreuzberg\/"]}]},{"@type":"BreadcrumbList","@id":"https:\/\/www.diefabrik.com\/es\/faq-fabrik-berlin-kreuzberg\/#breadcrumb","itemListElement":[{"@type":"ListItem","position":1,"name":"Home","item":"https:\/\/www.diefabrik.com\/es\/"},{"@type":"ListItem","position":2,"name":"FAQ Fabrik Berlin Kreuzberg"}]},{"@type":"WebSite","@id":"https:\/\/www.diefabrik.com\/es\/#website","url":"https:\/\/www.diefabrik.com\/es\/","name":"DIE FABRIK HOSTEL HOTEL","description":"Das besondere Hotel Hostel in Berlin-Kreuzberg","potentialAction":[{"@type":"SearchAction","target":{"@type":"EntryPoint","urlTemplate":"https:\/\/www.diefabrik.com\/es\/?s={search_term_string}"},"query-input":{"@type":"PropertyValueSpecification","valueRequired":true,"valueName":"search_term_string"}}],"inLanguage":"es"}]}},"_links":{"self":[{"href":"https:\/\/www.diefabrik.com\/es\/wp-json\/wp\/v2\/pages\/503","targetHints":{"allow":["GET"]}}],"collection":[{"href":"https:\/\/www.diefabrik.com\/es\/wp-json\/wp\/v2\/pages"}],"about":[{"href":"https:\/\/www.diefabrik.com\/es\/wp-json\/wp\/v2\/types\/page"}],"author":[{"embeddable":true,"href":"https:\/\/www.diefabrik.com\/es\/wp-json\/wp\/v2\/users\/1"}],"replies":[{"embeddable":true,"href":"https:\/\/www.diefabrik.com\/es\/wp-json\/wp\/v2\/comments?post=503"}],"version-history":[{"count":0,"href":"https:\/\/www.diefabrik.com\/es\/wp-json\/wp\/v2\/pages\/503\/revisions"}],"wp:attachment":[{"href":"https:\/\/www.diefabrik.com\/es\/wp-json\/wp\/v2\/media?parent=503"}],"curies":[{"name":"wp","href":"https:\/\/api.w.org\/{rel}","templated":true}]}}