{"id":332,"date":"2019-12-19T13:32:17","date_gmt":"2019-12-19T12:32:17","guid":{"rendered":"https:\/\/www.diefabrik.com\/booking-de\/"},"modified":"2025-11-02T12:24:54","modified_gmt":"2025-11-02T11:24:54","slug":"booking-de","status":"publish","type":"page","link":"https:\/\/www.diefabrik.com\/de\/booking-de\/","title":{"rendered":"Booking-DE"},"content":{"rendered":"<div class=\"wpb-content-wrapper\">[mk_page_section bg_image=&#8221;https:\/\/www.diefabrik.com\/wp-content\/uploads\/2023\/01\/ubahn-1.jpg&#8221; attachment=&#8221;fixed&#8221; bg_position=&#8221;center top&#8221; bg_repeat=&#8221;no-repeat&#8221; bg_stretch=&#8221;true&#8221; enable_3d=&#8221;true&#8221; min_height=&#8221;930&#8243; full_width=&#8221;true&#8221; sidebar=&#8221;sidebar-1&#8243;][vc_column][vc_row_inner is_fullwidth_content=&#8221;false&#8221; el_class=&#8221;booking&#8221;][vc_column_inner][mk_padding_divider size=&#8221;400&#8243;][mk_fancy_title strip_tags=&#8221;true&#8221; color=&#8221;#8f2825&#8243; size=&#8221;40&#8243; force_font_size=&#8221;true&#8221; size_smallscreen=&#8221;36&#8243; size_tablet=&#8221;22&#8243; size_phone=&#8221;18&#8243; letter_spacing=&#8221;1&#8243; margin_top=&#8221;&#8221; margin_bottom=&#8221;0&#8243; font_family=&#8221;none&#8221; align=&#8221;center&#8221; el_class=&#8221;header-title&#8221;]\n<h2>DU BIST FAST DA!<\/h2>\n[\/mk_fancy_title][\/vc_column_inner][\/vc_row_inner][\/vc_column][\/mk_page_section][mk_page_section bg_image=&#8221;https:\/\/www.diefabrik.com\/wp-content\/uploads\/2019\/10\/grunge_wall_web_light-768&#215;432.png&#8221; border_color=&#8221;rgba(255,255,255,0)&#8221; sidebar=&#8221;sidebar-1&#8243;][vc_column][vc_row_inner][vc_column_inner][mk_padding_divider][vc_column_text css=&#8221;.vc_custom_1674730683283{margin-bottom: 0px !important;}&#8221;]\n<h2 style=\"text-align: center;\">Buche Direkt mit kostenloser Stornierung<\/h2>\n<p style=\"text-align: center;\">Du hast den perfekten Ort gefunden, um Berlin zu erkunden, direkt im Herzen des lebendigen und multikulturellen Zentrums unserer Stadt.<\/p>\n<p style=\"text-align: center;\">Hier findest Du die besten Preise!<\/p>\n[\/vc_column_text][\/vc_column_inner][\/vc_row_inner][\/vc_column][\/mk_page_section][mk_page_section bg_image=&#8221;https:\/\/www.diefabrik.com\/wp-content\/uploads\/2019\/10\/grunge_wall_web_light-768&#215;432.png&#8221; sidebar=&#8221;sidebar-1&#8243;][vc_column][vc_row_inner][vc_column_inner][vc_raw_html]JTNDaWZyYW1lJTIwc3JjJTNEJTIyaHR0cHMlM0ElMkYlMkZob3N0ZWxzLmFzc2QuY29tJTJGY3JzNC5waHAlM0ZsYW5nY3JzJTNERCUyNmN1c3QlM0Q1MDAwMDMlMjZ0eXBlJTNEMDIwJTIyJTIwd2lkdGglM0QlMjI5OS44JTI1JTIyJTIwaGVpZ2h0JTNEJTIyMjUwMCUyMiUyMHNjcm9sbGluZyUzRCUyMmF1dG8lMjIlM0UlM0MlMkZpZnJhbWUlM0U=[\/vc_raw_html][\/vc_column_inner][\/vc_row_inner][\/vc_column][\/mk_page_section][mk_page_section bg_image=&#8221;https:\/\/www.diefabrik.com\/wp-content\/uploads\/2019\/10\/grunge_wall_web_light-768&#215;432.png&#8221; bg_color=&#8221;#ffffff&#8221; border_color=&#8221;rgba(255,255,255,0)&#8221; enable_3d=&#8221;true&#8221; sidebar=&#8221;sidebar-1&#8243;][vc_column width=&#8221;1\/2&#8243;][vc_column_text css=&#8221;.vc_custom_1762082691327{margin-bottom: 0px !important;}&#8221;]\n<div>\n<h3>Best-Price-Garantie<\/h3>\n<p>Buche direkt bei Die Fabrik. Wenn Du einen noch g\u00fcnstigeren Preis findest, passen wir uns diesem an. Ohne Wenn und Aber.<\/p>\n<h3>Bettw\u00e4sche<\/h3>\n<p>F\u00fcr Bettw\u00e4sche in allen Dorm-Zimmern berechnen wir einmalig EUR 2,80 pro Gast. In Privatzimmern ist die Bettw\u00e4sche inklusive.<\/p>\n<h3>Bettensteuer<\/h3>\n<p>Wir sind verpflichtet, eine Bettensteuer in H\u00f6he von 5% der Buchungssumme abzuf\u00fchren. Diese Bettensteuer m\u00fcssen wir Euch bei Anreise zus\u00e4tzlich in Rechnung stellen. Gesch\u00e4ftsreisende sind NICHT MEHR von der City Tax befreit, m\u00fcssen jedoch einen entsprechenden Nachweis vorlegen.<\/p>\n<p>Wir bedauern die Euch und uns entstehenden Unannehmlichkeiten durch die City-Tax sehr und hoffen auf Euer Verst\u00e4ndnis!<\/p>\n<p><a href=\"https:\/\/diefabrik.com\/files\/EmployersAttestation.pdf\" target=\"_blank\" rel=\"noopener noreferrer\"><b><div class=\"su-button-center\"><a href=\"https:\/\/diefabrik.com\/files\/arbeitgeberbestaetigung.pdf\" class=\"su-button su-button-style-flat\" style=\"color:#fff;background-color:#000;border-color:#000000;border-radius:5px\" target=\"_blank\" rel=\"noopener noreferrer\"><span style=\"color:#fff;padding:0px 16px;font-size:13px;line-height:26px;border-color:#4d4d4d;border-radius:5px;text-shadow:none\"> Arbeitgeberbest\u00e4tigung herunterladen<\/span><\/a><\/div><\/b><\/a><\/p>\n<\/div>\n[\/vc_column_text][\/vc_column][vc_column width=&#8221;1\/2&#8243;][vc_column_text css=&#8221;.vc_custom_1674125097930{margin-bottom: 0px !important;}&#8221;]\n<div>\n<h3>Stornobedingungen<\/h3>\n<h3><\/h3>\n<h3>Einzelreisende bis zu 10 Personen:<\/h3>\n<p>Bis einen Tag vor Anreise 18.00 Uhr (Ortszeit im Hotel) kann die Reservierung kostenlos storniert werden. Bei sp\u00e4terer Stornierung werden 100% der Kosten f\u00fcr die erste Nacht in Rechnung gestellt. Wenn Du ohne Stornierung nicht ankommst, werden die 1. Nacht und die Kurtaxe in Rechnung gestellt.<\/p>\n<p>Dies gilt auch f\u00fcr kurzfristige Buchungen innerhalb von 2 Tagen vor der Ankunft. Auch &#8220;NONREF&#8221;-Buchungen sind nicht stornierbar.<\/p>\n<p>Erm\u00e4\u00dfigungen oder Sonderangebote \u00fcber Online-Buchungsmaschinen k\u00f6nnen nicht storniert werden.<\/p>\n<h3>Gruppen von 10 oder mehr Personen im Hotel:<\/h3>\n<p>Bis zu 6 Wochen vor der Ankunft kann die Buchung kostenlos storniert werden. Bis zu 4 Wochen vor der Ankunft: 50% des Gesamtpreises.<\/p>\n<p>Ab dem 27. Tag vor der Anreise: 100% des vereinbarten Gesamtpreises.<\/p>\n<p>&nbsp;<\/p>\n<\/div>\n[\/vc_column_text][\/vc_column][\/mk_page_section]\n<\/div>","protected":false},"excerpt":{"rendered":"<p>[mk_page_section bg_image=&rdquo;https:\/\/www.diefabrik.com\/wp-content\/uploads\/2023\/01\/ubahn-1.jpg&rdquo; attachment=&rdquo;fixed&rdquo; bg_position=&rdquo;center top&rdquo; bg_repeat=&rdquo;no-repeat&rdquo; bg_stretch=&rdquo;true&rdquo; enable_3d=&rdquo;true&rdquo; min_height=&rdquo;930&Prime; full_width=&rdquo;true&rdquo; sidebar=&rdquo;sidebar-1&Prime;][vc_column][vc_row_inner is_fullwidth_content=&rdquo;false&rdquo; el_class=&rdquo;booking&rdquo;][vc_column_inner][mk_padding_divider size=&rdquo;400&Prime;][mk_fancy_title strip_tags=&rdquo;true&rdquo; color=&rdquo;#8f2825&Prime; size=&rdquo;40&Prime; force_font_size=&rdquo;true&rdquo; size_smallscreen=&rdquo;36&Prime; size_tablet=&rdquo;22&Prime; size_phone=&rdquo;18&Prime; letter_spacing=&rdquo;1&Prime; margin_top=&rdquo;&rdquo; margin_bottom=&rdquo;0&Prime; font_family=&rdquo;none&rdquo; align=&rdquo;center&rdquo; el_class=&rdquo;header-title&rdquo;] DU BIST FAST DA! [\/mk_fancy_title][\/vc_column_inner][\/vc_row_inner][\/vc_column][\/mk_page_section][mk_page_section bg_image=&rdquo;https:\/\/www.diefabrik.com\/wp-content\/uploads\/2019\/10\/grunge_wall_web_light-768&times;432.png&rdquo; border_color=&rdquo;rgba(255,255,255,0)&rdquo; sidebar=&rdquo;sidebar-1&Prime;][vc_column][vc_row_inner][vc_column_inner][mk_padding_divider][vc_column_text css=&rdquo;.vc_custom_1674730683283{margin-bottom: 0px !important;}&rdquo;] Buche Direkt mit kostenloser Stornierung Du hast den perfekten Ort gefunden, um Berlin zu erkunden, direkt im [&hellip;]<\/p>\n","protected":false},"author":1,"featured_media":0,"parent":0,"menu_order":0,"comment_status":"closed","ping_status":"closed","template":"","meta":{"_acf_changed":false,"footnotes":""},"class_list":["post-332","page","type-page","status-publish","hentry"],"acf":[],"yoast_head":"<!-- This site is optimized with the Yoast SEO plugin v27.3 - https:\/\/yoast.com\/product\/yoast-seo-wordpress\/ -->\n<title>Booking-DE - DIE FABRIK HOSTEL HOTEL<\/title>\n<meta name=\"robots\" content=\"index, follow, max-snippet:-1, max-image-preview:large, max-video-preview:-1\" \/>\n<link rel=\"canonical\" href=\"https:\/\/www.diefabrik.com\/de\/booking-de\/\" \/>\n<meta property=\"og:locale\" content=\"de_DE\" \/>\n<meta property=\"og:type\" content=\"article\" \/>\n<meta property=\"og:title\" content=\"Booking-DE - DIE FABRIK HOSTEL HOTEL\" \/>\n<meta property=\"og:description\" content=\"[mk_page_section bg_image=&rdquo;https:\/\/www.diefabrik.com\/wp-content\/uploads\/2023\/01\/ubahn-1.jpg&rdquo; attachment=&rdquo;fixed&rdquo; bg_position=&rdquo;center top&rdquo; bg_repeat=&rdquo;no-repeat&rdquo; bg_stretch=&rdquo;true&rdquo; enable_3d=&rdquo;true&rdquo; min_height=&rdquo;930&Prime; full_width=&rdquo;true&rdquo; sidebar=&rdquo;sidebar-1&Prime;][vc_column][vc_row_inner is_fullwidth_content=&rdquo;false&rdquo; el_class=&rdquo;booking&rdquo;][vc_column_inner][mk_padding_divider size=&rdquo;400&Prime;][mk_fancy_title strip_tags=&rdquo;true&rdquo; color=&rdquo;#8f2825&Prime; size=&rdquo;40&Prime; force_font_size=&rdquo;true&rdquo; size_smallscreen=&rdquo;36&Prime; size_tablet=&rdquo;22&Prime; size_phone=&rdquo;18&Prime; letter_spacing=&rdquo;1&Prime; margin_top=&rdquo;&rdquo; margin_bottom=&rdquo;0&Prime; font_family=&rdquo;none&rdquo; align=&rdquo;center&rdquo; el_class=&rdquo;header-title&rdquo;] DU BIST FAST DA! [\/mk_fancy_title][\/vc_column_inner][\/vc_row_inner][\/vc_column][\/mk_page_section][mk_page_section bg_image=&rdquo;https:\/\/www.diefabrik.com\/wp-content\/uploads\/2019\/10\/grunge_wall_web_light-768&times;432.png&rdquo; border_color=&rdquo;rgba(255,255,255,0)&rdquo; sidebar=&rdquo;sidebar-1&Prime;][vc_column][vc_row_inner][vc_column_inner][mk_padding_divider][vc_column_text css=&rdquo;.vc_custom_1674730683283{margin-bottom: 0px !important;}&rdquo;] Buche Direkt mit kostenloser Stornierung Du hast den perfekten Ort gefunden, um Berlin zu erkunden, direkt im [&hellip;]\" \/>\n<meta property=\"og:url\" content=\"https:\/\/www.diefabrik.com\/de\/booking-de\/\" \/>\n<meta property=\"og:site_name\" content=\"DIE FABRIK HOSTEL HOTEL\" \/>\n<meta property=\"article:modified_time\" content=\"2025-11-02T11:24:54+00:00\" \/>\n<meta name=\"twitter:card\" content=\"summary_large_image\" \/>\n<meta name=\"twitter:label1\" content=\"Gesch\u00e4tzte Lesezeit\" \/>\n\t<meta name=\"twitter:data1\" content=\"2\u00a0Minuten\" \/>\n<script type=\"application\/ld+json\" class=\"yoast-schema-graph\">{\"@context\":\"https:\\\/\\\/schema.org\",\"@graph\":[{\"@type\":\"WebPage\",\"@id\":\"https:\\\/\\\/www.diefabrik.com\\\/de\\\/booking-de\\\/\",\"url\":\"https:\\\/\\\/www.diefabrik.com\\\/de\\\/booking-de\\\/\",\"name\":\"Booking-DE - DIE FABRIK HOSTEL HOTEL\",\"isPartOf\":{\"@id\":\"https:\\\/\\\/www.diefabrik.com\\\/de\\\/#website\"},\"datePublished\":\"2019-12-19T12:32:17+00:00\",\"dateModified\":\"2025-11-02T11:24:54+00:00\",\"breadcrumb\":{\"@id\":\"https:\\\/\\\/www.diefabrik.com\\\/de\\\/booking-de\\\/#breadcrumb\"},\"inLanguage\":\"de\",\"potentialAction\":[{\"@type\":\"ReadAction\",\"target\":[\"https:\\\/\\\/www.diefabrik.com\\\/de\\\/booking-de\\\/\"]}]},{\"@type\":\"BreadcrumbList\",\"@id\":\"https:\\\/\\\/www.diefabrik.com\\\/de\\\/booking-de\\\/#breadcrumb\",\"itemListElement\":[{\"@type\":\"ListItem\",\"position\":1,\"name\":\"Home\",\"item\":\"https:\\\/\\\/www.diefabrik.com\\\/de\\\/\"},{\"@type\":\"ListItem\",\"position\":2,\"name\":\"Booking-DE\"}]},{\"@type\":\"WebSite\",\"@id\":\"https:\\\/\\\/www.diefabrik.com\\\/de\\\/#website\",\"url\":\"https:\\\/\\\/www.diefabrik.com\\\/de\\\/\",\"name\":\"DIE FABRIK HOSTEL HOTEL\",\"description\":\"Das besondere Hotel Hostel in Berlin-Kreuzberg\",\"potentialAction\":[{\"@type\":\"SearchAction\",\"target\":{\"@type\":\"EntryPoint\",\"urlTemplate\":\"https:\\\/\\\/www.diefabrik.com\\\/de\\\/?s={search_term_string}\"},\"query-input\":{\"@type\":\"PropertyValueSpecification\",\"valueRequired\":true,\"valueName\":\"search_term_string\"}}],\"inLanguage\":\"de\"}]}<\/script>\n<!-- \/ Yoast SEO plugin. -->","yoast_head_json":{"title":"Booking-DE - DIE FABRIK HOSTEL HOTEL","robots":{"index":"index","follow":"follow","max-snippet":"max-snippet:-1","max-image-preview":"max-image-preview:large","max-video-preview":"max-video-preview:-1"},"canonical":"https:\/\/www.diefabrik.com\/de\/booking-de\/","og_locale":"de_DE","og_type":"article","og_title":"Booking-DE - DIE FABRIK HOSTEL HOTEL","og_description":"[mk_page_section bg_image=&rdquo;https:\/\/www.diefabrik.com\/wp-content\/uploads\/2023\/01\/ubahn-1.jpg&rdquo; attachment=&rdquo;fixed&rdquo; bg_position=&rdquo;center top&rdquo; bg_repeat=&rdquo;no-repeat&rdquo; bg_stretch=&rdquo;true&rdquo; enable_3d=&rdquo;true&rdquo; min_height=&rdquo;930&Prime; full_width=&rdquo;true&rdquo; sidebar=&rdquo;sidebar-1&Prime;][vc_column][vc_row_inner is_fullwidth_content=&rdquo;false&rdquo; el_class=&rdquo;booking&rdquo;][vc_column_inner][mk_padding_divider size=&rdquo;400&Prime;][mk_fancy_title strip_tags=&rdquo;true&rdquo; color=&rdquo;#8f2825&Prime; size=&rdquo;40&Prime; force_font_size=&rdquo;true&rdquo; size_smallscreen=&rdquo;36&Prime; size_tablet=&rdquo;22&Prime; size_phone=&rdquo;18&Prime; letter_spacing=&rdquo;1&Prime; margin_top=&rdquo;&rdquo; margin_bottom=&rdquo;0&Prime; font_family=&rdquo;none&rdquo; align=&rdquo;center&rdquo; el_class=&rdquo;header-title&rdquo;] DU BIST FAST DA! [\/mk_fancy_title][\/vc_column_inner][\/vc_row_inner][\/vc_column][\/mk_page_section][mk_page_section bg_image=&rdquo;https:\/\/www.diefabrik.com\/wp-content\/uploads\/2019\/10\/grunge_wall_web_light-768&times;432.png&rdquo; border_color=&rdquo;rgba(255,255,255,0)&rdquo; sidebar=&rdquo;sidebar-1&Prime;][vc_column][vc_row_inner][vc_column_inner][mk_padding_divider][vc_column_text css=&rdquo;.vc_custom_1674730683283{margin-bottom: 0px !important;}&rdquo;] Buche Direkt mit kostenloser Stornierung Du hast den perfekten Ort gefunden, um Berlin zu erkunden, direkt im [&hellip;]","og_url":"https:\/\/www.diefabrik.com\/de\/booking-de\/","og_site_name":"DIE FABRIK HOSTEL HOTEL","article_modified_time":"2025-11-02T11:24:54+00:00","twitter_card":"summary_large_image","twitter_misc":{"Gesch\u00e4tzte Lesezeit":"2\u00a0Minuten"},"schema":{"@context":"https:\/\/schema.org","@graph":[{"@type":"WebPage","@id":"https:\/\/www.diefabrik.com\/de\/booking-de\/","url":"https:\/\/www.diefabrik.com\/de\/booking-de\/","name":"Booking-DE - DIE FABRIK HOSTEL HOTEL","isPartOf":{"@id":"https:\/\/www.diefabrik.com\/de\/#website"},"datePublished":"2019-12-19T12:32:17+00:00","dateModified":"2025-11-02T11:24:54+00:00","breadcrumb":{"@id":"https:\/\/www.diefabrik.com\/de\/booking-de\/#breadcrumb"},"inLanguage":"de","potentialAction":[{"@type":"ReadAction","target":["https:\/\/www.diefabrik.com\/de\/booking-de\/"]}]},{"@type":"BreadcrumbList","@id":"https:\/\/www.diefabrik.com\/de\/booking-de\/#breadcrumb","itemListElement":[{"@type":"ListItem","position":1,"name":"Home","item":"https:\/\/www.diefabrik.com\/de\/"},{"@type":"ListItem","position":2,"name":"Booking-DE"}]},{"@type":"WebSite","@id":"https:\/\/www.diefabrik.com\/de\/#website","url":"https:\/\/www.diefabrik.com\/de\/","name":"DIE FABRIK HOSTEL HOTEL","description":"Das besondere Hotel Hostel in Berlin-Kreuzberg","potentialAction":[{"@type":"SearchAction","target":{"@type":"EntryPoint","urlTemplate":"https:\/\/www.diefabrik.com\/de\/?s={search_term_string}"},"query-input":{"@type":"PropertyValueSpecification","valueRequired":true,"valueName":"search_term_string"}}],"inLanguage":"de"}]}},"_links":{"self":[{"href":"https:\/\/www.diefabrik.com\/de\/wp-json\/wp\/v2\/pages\/332","targetHints":{"allow":["GET"]}}],"collection":[{"href":"https:\/\/www.diefabrik.com\/de\/wp-json\/wp\/v2\/pages"}],"about":[{"href":"https:\/\/www.diefabrik.com\/de\/wp-json\/wp\/v2\/types\/page"}],"author":[{"embeddable":true,"href":"https:\/\/www.diefabrik.com\/de\/wp-json\/wp\/v2\/users\/1"}],"replies":[{"embeddable":true,"href":"https:\/\/www.diefabrik.com\/de\/wp-json\/wp\/v2\/comments?post=332"}],"version-history":[{"count":1,"href":"https:\/\/www.diefabrik.com\/de\/wp-json\/wp\/v2\/pages\/332\/revisions"}],"predecessor-version":[{"id":4280,"href":"https:\/\/www.diefabrik.com\/de\/wp-json\/wp\/v2\/pages\/332\/revisions\/4280"}],"wp:attachment":[{"href":"https:\/\/www.diefabrik.com\/de\/wp-json\/wp\/v2\/media?parent=332"}],"curies":[{"name":"wp","href":"https:\/\/api.w.org\/{rel}","templated":true}]}}