{"id":203,"date":"2019-11-10T13:35:51","date_gmt":"2019-11-10T12:35:51","guid":{"rendered":"https:\/\/www.diefabrik.com\/?page_id=203"},"modified":"2025-11-02T12:43:18","modified_gmt":"2025-11-02T11:43:18","slug":"faq-fabrik-berlin-kreuzberg","status":"publish","type":"page","link":"https:\/\/www.diefabrik.com\/de\/faq-fabrik-berlin-kreuzberg\/","title":{"rendered":"FAQ Fabrik Berlin Kreuzberg"},"content":{"rendered":"<div class=\"wpb-content-wrapper\">[mk_page_section bg_image=&#8221;\/wp-content\/uploads\/2020\/02\/faqs-fabrik-kreuzberg.jpg&#8221; attachment=&#8221;fixed&#8221; bg_position=&#8221;center top&#8221; bg_repeat=&#8221;no-repeat&#8221; bg_stretch=&#8221;true&#8221; enable_3d=&#8221;true&#8221; min_height=&#8221;930&#8243; full_width=&#8221;true&#8221; sidebar=&#8221;sidebar-1&#8243;][vc_column][vc_row_inner is_fullwidth_content=&#8221;false&#8221; el_class=&#8221;booking&#8221;][vc_column_inner][mk_padding_divider size=&#8221;400&#8243;][mk_fancy_title strip_tags=&#8221;true&#8221; color=&#8221;#8f2825&#8243; size=&#8221;40&#8243; force_font_size=&#8221;true&#8221; size_smallscreen=&#8221;36&#8243; size_tablet=&#8221;22&#8243; size_phone=&#8221;18&#8243; letter_spacing=&#8221;1&#8243; margin_top=&#8221;&#8221; margin_bottom=&#8221;0&#8243; font_family=&#8221;none&#8221; align=&#8221;center&#8221; el_class=&#8221;header-title&#8221;]\n<h2>WAS DENN?<\/h2>\n[\/mk_fancy_title][\/vc_column_inner][\/vc_row_inner][\/vc_column][\/mk_page_section][mk_page_section bg_image=&#8221;\/wp-content\/uploads\/2019\/10\/grunge_wall_web_light-768&#215;432.png&#8221; bg_repeat=&#8221;no-repeat&#8221; bg_stretch=&#8221;true&#8221; sidebar=&#8221;sidebar-1&#8243;][vc_column][mk_padding_divider size=&#8221;60&#8243;][vc_column_text css=&#8221;.vc_custom_1573389270373{margin-bottom: 0px !important;}&#8221;]\n<h2 id=\"fancy-title-5dc7f63d61b8b\" class=\"mk-fancy-title simple-style color-single\" style=\"text-align: center;\">Frag mal nach!<\/h2>\n<h3 style=\"text-align: center;\">frequently asked questions<\/h3>\n<div class=\" vc_custom_1528106745591\">\n<div id=\"text-block-5dc7f63d61cff\" class=\"mk-text-block \">\n<p id=\"fancy-title-5dc7f63d6bb07\" class=\"mk-fancy-title simple-style color-single\" style=\"text-align: center;\">Ihr habt Fragen, wir haben die Antworten.<\/p>\n<\/div>\n<\/div>\n[\/vc_column_text][mk_padding_divider][vc_row_inner][vc_column_inner width=&#8221;1\/3&#8243;][vc_column_text css=&#8221;.vc_custom_1719759238646{margin-bottom: 0px !important;}&#8221;]<div class=\"su-spoiler su-spoiler-style-default su-spoiler-icon-plus faqs\" data-scroll-offset=\"0\" data-anchor-in-url=\"no\"><div class=\"su-spoiler-title\" tabindex=\"0\" role=\"button\"><span class=\"su-spoiler-icon\"><\/span>Ich m\u00f6chte bei euch \u00fcbernachten. Was muss ich tun?<\/div><div class=\"su-spoiler-content su-u-clearfix su-u-trim\">Am besten reservierst du dein Zimmer oder Bett im Die Fabrik Hostel Hotel rechtzeitig vor deinem Reiseantritt. So kannst du sichergehen, dass deine Wunschkategorie noch verf\u00fcgbar ist. Verschaffe dir einen \u00dcberblick \u00fcber die <a href=\"#schlafen\">Zimmer in der Fabrik<\/a> und <a href=\"https:\/\/www.diefabrik.com\/de\/booking-de\/\">buche direkt bei uns online zum besten Preis<\/a>. Selbstverst\u00e4ndlich kannst du auch jederzeit pers\u00f6nlich bei uns vorbeikommen. Vielleicht hast du Gl\u00fcck und wir haben noch ein Zimmer oder Bett f\u00fcr dich frei.<\/div><\/div>\n<div class=\"su-spoiler su-spoiler-style-default su-spoiler-icon-plus faqs su-spoiler-closed\" data-scroll-offset=\"0\" data-anchor-in-url=\"no\"><div class=\"su-spoiler-title\" tabindex=\"0\" role=\"button\"><span class=\"su-spoiler-icon\"><\/span>Wird f\u00fcr die Reservierung eine Kreditkarte ben\u00f6tigt?<\/div><div class=\"su-spoiler-content su-u-clearfix su-u-trim\">F\u00fcr deine Onlinereservierung ben\u00f6tigst du eine Kreditkarte als Sicherheit. Bei Reservierungsanfragen per E-Mail ist eine Anzahlung in H\u00f6he von 50 % deines Gesamtbetrages als Best\u00e4tigung der Reservierung im Voraus zu leisten. Bitte beachte, dass der Zahlungseingang der \u00dcberweisung vor deiner Anreise erfolgen muss.<\/div><\/div>\n<div class=\"su-spoiler su-spoiler-style-default su-spoiler-icon-plus faqs su-spoiler-closed\" data-scroll-offset=\"0\" data-anchor-in-url=\"no\"><div class=\"su-spoiler-title\" tabindex=\"0\" role=\"button\"><span class=\"su-spoiler-icon\"><\/span>Wann kann ich ein- und auschecken?<\/div><div class=\"su-spoiler-content su-u-clearfix su-u-trim\">Unser Check-In ist ab 15:30 bis 22:00 Uhr. Der Check-Out am Abreisetag muss bis 11 Uhr erfolgen, oder sp\u00e4ter nach Absprache.<\/p>\n<p>Wir geben unser Bestes, dass du so fr\u00fch wie m\u00f6glich auf dein Zimmer kannst. Einen Early-Check-In k\u00f6nnen wir allerdings nicht garantieren. Dein Gep\u00e4ck kannst du aber gern f\u00fcr einige Stunden in unserem Gep\u00e4ckraum kostenfrei einschlie\u00dfen lassen.<\/div><\/div>\n<div class=\"su-spoiler su-spoiler-style-default su-spoiler-icon-plus faqs su-spoiler-closed\" data-scroll-offset=\"0\" data-anchor-in-url=\"no\"><div class=\"su-spoiler-title\" tabindex=\"0\" role=\"button\"><span class=\"su-spoiler-icon\"><\/span>Was muss ich beim Check-In\/Check-Out beachten?<\/div><div class=\"su-spoiler-content su-u-clearfix su-u-trim\">F\u00fcr den Check-In ben\u00f6tigst du g\u00fcltige Ausweispapiere (Personalausweis\/Reisepass\/ID-Karte). Beim Check-Out ben\u00f6tigen wir deinen Schl\u00fcssel, ggf. ausgeliehene Duscht\u00fccher zur\u00fcck.<\/div><\/div>\n<div class=\"su-spoiler su-spoiler-style-default su-spoiler-icon-plus faqs su-spoiler-closed\" data-scroll-offset=\"0\" data-anchor-in-url=\"no\"><div class=\"su-spoiler-title\" tabindex=\"0\" role=\"button\"><span class=\"su-spoiler-icon\"><\/span>Warum muss ich einen Meldeschein ausf\u00fcllen?<\/div><div class=\"su-spoiler-content su-u-clearfix su-u-trim\">In Deutschland gibt es eine gesetzliche Meldepflicht. Daher m\u00fcssen wir die im Meldeschein aufgef\u00fchrten Daten von dir bei Anreise erfassen.<\/div><\/div>[\/vc_column_text][\/vc_column_inner][vc_column_inner width=&#8221;1\/3&#8243;][vc_column_text css=&#8221;.vc_custom_1719759414393{margin-bottom: 0px !important;}&#8221;]<div class=\"su-spoiler su-spoiler-style-default su-spoiler-icon-plus faqs\" data-scroll-offset=\"0\" data-anchor-in-url=\"no\"><div class=\"su-spoiler-title\" tabindex=\"0\" role=\"button\"><span class=\"su-spoiler-icon\"><\/span>Wann ist die Rezeption besetzt?<\/div><div class=\"su-spoiler-content su-u-clearfix su-u-trim\">An der Rezeption sind wir zwischen 10:00 und 22:00 f\u00fcr dich da.<\/div><\/div>\n<div class=\"su-spoiler su-spoiler-style-default su-spoiler-icon-plus faqs su-spoiler-closed\" data-scroll-offset=\"0\" data-anchor-in-url=\"no\"><div class=\"su-spoiler-title\" tabindex=\"0\" role=\"button\"><span class=\"su-spoiler-icon\"><\/span>Wann und wie kann ich bezahlen?<\/div><div class=\"su-spoiler-content su-u-clearfix su-u-trim\">Deinen Reservierungsbetrag bezahlst du bitte beim Check-In. Dies kann in bar, per EC- oder Kreditkarte erfolgen. Bei Vorreservierungen kann der Betrag auch bereits vor Anreise \u00fcberwiesen werden.<\/div><\/div>\n<div class=\"su-spoiler su-spoiler-style-default su-spoiler-icon-plus faqs su-spoiler-closed\" data-scroll-offset=\"0\" data-anchor-in-url=\"no\"><div class=\"su-spoiler-title\" tabindex=\"0\" role=\"button\"><span class=\"su-spoiler-icon\"><\/span>Wie komme ich zum Die Fabrik Hostel Hotel?<\/div><div class=\"su-spoiler-content su-u-clearfix su-u-trim\">Schau mal, <a href=\"#anfahrt\">hier<\/a> haben wir alle Infos zur Anfahrt f\u00fcr dich zusammengestellt.<\/div><\/div>\n<div class=\"su-spoiler su-spoiler-style-default su-spoiler-icon-plus faqs su-spoiler-closed\" data-scroll-offset=\"0\" data-anchor-in-url=\"no\"><div class=\"su-spoiler-title\" tabindex=\"0\" role=\"button\"><span class=\"su-spoiler-icon\"><\/span>Habt ihr kostenfreies WLAN?<\/div><div class=\"su-spoiler-content su-u-clearfix su-u-trim\">Na klar! Bei uns hast du freies WLAN. Die Zugangscodes findest du an der Rezeption.<\/div><\/div>\n<div class=\"su-spoiler su-spoiler-style-default su-spoiler-icon-plus faqs su-spoiler-closed\" data-scroll-offset=\"0\" data-anchor-in-url=\"no\"><div class=\"su-spoiler-title\" tabindex=\"0\" role=\"button\"><span class=\"su-spoiler-icon\"><\/span>Darf ich meine Haustiere mitbringen?<\/div><div class=\"su-spoiler-content su-u-clearfix su-u-trim\">Bitte lass deine tierischen Freunde zuhause. <\/div><\/div>\n<div class=\"su-spoiler su-spoiler-style-default su-spoiler-icon-plus faqs su-spoiler-closed\" data-scroll-offset=\"0\" data-anchor-in-url=\"no\"><div class=\"su-spoiler-title\" tabindex=\"0\" role=\"button\"><span class=\"su-spoiler-icon\"><\/span>Darf ich bei euch rauchen?<\/div><div class=\"su-spoiler-content su-u-clearfix su-u-trim\">Wir sind ein Nichtraucher-Hostel\/Hotel. Bitte rauche nicht auf den Zimmern, sondern nutze unsere Raucherpl\u00e4tze im Hof und vor dem Haus.<\/div><\/div><div class=\"su-spoiler su-spoiler-style-default su-spoiler-icon-plus faqs su-spoiler-closed\" data-scroll-offset=\"0\" data-anchor-in-url=\"no\"><div class=\"su-spoiler-title\" tabindex=\"0\" role=\"button\"><span class=\"su-spoiler-icon\"><\/span>Muss ich Duscht\u00fccher, Bettw\u00e4sche und F\u00f6hn mitbringen?<\/div><div class=\"su-spoiler-content su-u-clearfix su-u-trim\">In unseren Einzel-, Doppel- und 3-Bettzimmern sind Bettw\u00e4sche und Duscht\u00fccher inklusive. Traditionell berechnen wir die W\u00e4sche in Mehrbettzimmern gesondert.<\/p>\n<p>Bettw\u00e4sche erh\u00e4ltst du von uns f\u00fcr eine Geb\u00fchr von 2,80 \u20ac. Aus hygienischen Gr\u00fcnden ist es nicht gestattet, eigene Bettw\u00e4sche und Schlafs\u00e4cke zu nutzen.<\/p>\n<p>Duscht\u00fccher kannst du gern selbst mitbringen oder f\u00fcr eine Geb\u00fchr von 2,50 \u20ac an der Rezeption ausleihen. Einen F\u00f6n kannst du dir nach Verf\u00fcgbarkeit gern an der Rezeption geb\u00fchrenfrei ausleihen.<\/div><\/div>[\/vc_column_text][\/vc_column_inner][vc_column_inner width=&#8221;1\/3&#8243;][vc_column_text css=&#8221;.vc_custom_1698844368357{margin-bottom: 0px !important;}&#8221;]<div class=\"su-spoiler su-spoiler-style-default su-spoiler-icon-plus faqs\" data-scroll-offset=\"0\" data-anchor-in-url=\"no\"><div class=\"su-spoiler-title\" tabindex=\"0\" role=\"button\"><span class=\"su-spoiler-icon\"><\/span>Muss ich mein Bad teilen?<\/div><div class=\"su-spoiler-content su-u-clearfix su-u-trim\">Das kommt auf die Art des Zimmers an, das du gebucht hast. Aber selbst wenn du dir das Bad mit anderen G\u00e4sten teilen musst, findest du entsprechende Einrichtungen auf jeder Etage. Die B\u00e4der werden von uns mehrmals t\u00e4glich gereinigt.<\/div><\/div>\n<div class=\"su-spoiler su-spoiler-style-default su-spoiler-icon-plus faqs su-spoiler-closed\" data-scroll-offset=\"0\" data-anchor-in-url=\"no\"><div class=\"su-spoiler-title\" tabindex=\"0\" role=\"button\"><span class=\"su-spoiler-icon\"><\/span>Wie sind die Zimmer ausgestattet?<\/div><div class=\"su-spoiler-content su-u-clearfix su-u-trim\">Unsere Zimmer sind funktional gestaltet. Wir verzichten bewusst auf Fernseher, Telefon oder Minibar.<br \/>\nIn all unseren Zimmern gibt es WLAN. Die Zugangscodes erh\u00e4ltst du an der Rezeption.<\/div><\/div>\n<div class=\"su-spoiler su-spoiler-style-default su-spoiler-icon-plus faqs su-spoiler-closed\" data-scroll-offset=\"0\" data-anchor-in-url=\"no\"><div class=\"su-spoiler-title\" tabindex=\"0\" role=\"button\"><span class=\"su-spoiler-icon\"><\/span>Gibt es bei euch Betten in einem Dorm nur f\u00fcr Frauen (Female Dorm\/M\u00e4dchenzimmer)?<\/div><div class=\"su-spoiler-content su-u-clearfix su-u-trim\">Selbstverst\u00e4ndlich! Je nach Verf\u00fcgbarkeit kannst du ohne Aufpreis Betten in unserem Female Dorm buchen. Es bietet Platz f\u00fcr bis zu vier Damen.<\/div><\/div>\n<div class=\"su-spoiler su-spoiler-style-default su-spoiler-icon-plus faqs su-spoiler-closed\" data-scroll-offset=\"0\" data-anchor-in-url=\"no\"><div class=\"su-spoiler-title\" tabindex=\"0\" role=\"button\"><span class=\"su-spoiler-icon\"><\/span>Gibt es Schlie\u00dff\u00e4cher und Gep\u00e4ckaufbewahrungen bei euch?<\/div><div class=\"su-spoiler-content su-u-clearfix su-u-trim\">In unseren Dorms gibt es Schlie\u00dff\u00e4cher. Bringe einfach ein Vorh\u00e4ngeschloss mit oder kaufe dir eins f\u00fcr 3,50 \u20ac an unserer Rezeption. Am An- und Abreisetag kannst du dein Gep\u00e4ck gern auch f\u00fcr einige Stunden in unserem Gep\u00e4ckraum kostenfrei einschlie\u00dfen lassen.<\/div><\/div>\n<div class=\"su-spoiler su-spoiler-style-default su-spoiler-icon-plus faqs su-spoiler-closed\" data-scroll-offset=\"0\" data-anchor-in-url=\"no\"><div class=\"su-spoiler-title\" tabindex=\"0\" role=\"button\"><span class=\"su-spoiler-icon\"><\/span>Wo kann ich etwas essen?<\/div><div class=\"su-spoiler-content su-u-clearfix su-u-trim\">Die nahegelegenen Kreuzberger Caf\u00e9s und Bistros rund um Die Fabrik Hostel Hotel laden nach durchzechten Kreuzberger N\u00e4chten zum ausgiebigen (Kater-)Fr\u00fchst\u00fcck ein. F\u00fcr den gro\u00dfen und kleinen Hunger, von klassischer Berliner Currywurst \u00fcber vegetarisch, vegan oder paleo, bis hin zu ausgefallenen Spezialit\u00e4ten aus aller Welt findet sich in zahlreichen Stores, Imbissen und Restaurants f\u00fcr jeden die passende Leckerei.<\/p>\n<p>Und auch am Abend hast du die Wahl: Urige Berliner Eckkneipe, l\u00e4ssige Bar oder angesagter Club? Schl\u00fcrfe deine Lieblingsdrinks, wo immer du willst! Dein Bett erwartet dich in unmittelbarer N\u00e4he im Die Fabrik Hostel Hotel.<\/div><\/div><div class=\"su-spoiler su-spoiler-style-default su-spoiler-icon-plus faqs su-spoiler-closed\" data-scroll-offset=\"0\" data-anchor-in-url=\"no\"><div class=\"su-spoiler-title\" tabindex=\"0\" role=\"button\"><span class=\"su-spoiler-icon\"><\/span>Kann ich bei euch Getr\u00e4nke kaufen?<\/div><div class=\"su-spoiler-content su-u-clearfix su-u-trim\">An der Rezeption bieten wir dir eine kleine Auswahl an Getr\u00e4nken an.<\/div><\/div>[\/vc_column_text][\/vc_column_inner][\/vc_row_inner][vc_raw_html]JTNDYSUyMG5hbWUlM0QlMjJhbmZhaHJ0JTIyJTNFJTNDJTJGYSUzRQ==[\/vc_raw_html][\/vc_column][\/mk_page_section]\n<\/div>","protected":false},"excerpt":{"rendered":"<p>[mk_page_section bg_image=&rdquo;\/wp-content\/uploads\/2020\/02\/faqs-fabrik-kreuzberg.jpg&rdquo; attachment=&rdquo;fixed&rdquo; bg_position=&rdquo;center top&rdquo; bg_repeat=&rdquo;no-repeat&rdquo; bg_stretch=&rdquo;true&rdquo; enable_3d=&rdquo;true&rdquo; min_height=&rdquo;930&Prime; full_width=&rdquo;true&rdquo; sidebar=&rdquo;sidebar-1&Prime;][vc_column][vc_row_inner is_fullwidth_content=&rdquo;false&rdquo; el_class=&rdquo;booking&rdquo;][vc_column_inner][mk_padding_divider size=&rdquo;400&Prime;][mk_fancy_title strip_tags=&rdquo;true&rdquo; color=&rdquo;#8f2825&Prime; size=&rdquo;40&Prime; force_font_size=&rdquo;true&rdquo; size_smallscreen=&rdquo;36&Prime; size_tablet=&rdquo;22&Prime; size_phone=&rdquo;18&Prime; letter_spacing=&rdquo;1&Prime; margin_top=&rdquo;&rdquo; margin_bottom=&rdquo;0&Prime; font_family=&rdquo;none&rdquo; align=&rdquo;center&rdquo; el_class=&rdquo;header-title&rdquo;] WAS DENN? [\/mk_fancy_title][\/vc_column_inner][\/vc_row_inner][\/vc_column][\/mk_page_section][mk_page_section bg_image=&rdquo;\/wp-content\/uploads\/2019\/10\/grunge_wall_web_light-768&times;432.png&rdquo; bg_repeat=&rdquo;no-repeat&rdquo; bg_stretch=&rdquo;true&rdquo; sidebar=&rdquo;sidebar-1&Prime;][vc_column][mk_padding_divider size=&rdquo;60&Prime;][vc_column_text css=&rdquo;.vc_custom_1573389270373{margin-bottom: 0px !important;}&rdquo;] Frag mal nach! frequently asked questions Ihr habt Fragen, wir haben die Antworten. [\/vc_column_text][mk_padding_divider][vc_row_inner][vc_column_inner width=&rdquo;1\/3&Prime;][vc_column_text css=&rdquo;.vc_custom_1719759238646{margin-bottom: 0px [&hellip;]<\/p>\n","protected":false},"author":1,"featured_media":0,"parent":0,"menu_order":0,"comment_status":"closed","ping_status":"closed","template":"","meta":{"_acf_changed":false,"footnotes":""},"class_list":["post-203","page","type-page","status-publish","hentry"],"acf":[],"yoast_head":"<!-- This site is optimized with the Yoast SEO plugin v27.3 - https:\/\/yoast.com\/product\/yoast-seo-wordpress\/ -->\n<title>FAQ Fabrik Berlin Kreuzberg - DIE FABRIK HOSTEL HOTEL<\/title>\n<meta name=\"robots\" content=\"index, follow, max-snippet:-1, max-image-preview:large, max-video-preview:-1\" \/>\n<link rel=\"canonical\" href=\"https:\/\/www.diefabrik.com\/de\/faq-fabrik-berlin-kreuzberg\/\" \/>\n<meta property=\"og:locale\" content=\"de_DE\" \/>\n<meta property=\"og:type\" content=\"article\" \/>\n<meta property=\"og:title\" content=\"FAQ Fabrik Berlin Kreuzberg - DIE FABRIK HOSTEL HOTEL\" \/>\n<meta property=\"og:description\" content=\"[mk_page_section bg_image=&rdquo;\/wp-content\/uploads\/2020\/02\/faqs-fabrik-kreuzberg.jpg&rdquo; attachment=&rdquo;fixed&rdquo; bg_position=&rdquo;center top&rdquo; bg_repeat=&rdquo;no-repeat&rdquo; bg_stretch=&rdquo;true&rdquo; enable_3d=&rdquo;true&rdquo; min_height=&rdquo;930&Prime; full_width=&rdquo;true&rdquo; sidebar=&rdquo;sidebar-1&Prime;][vc_column][vc_row_inner is_fullwidth_content=&rdquo;false&rdquo; el_class=&rdquo;booking&rdquo;][vc_column_inner][mk_padding_divider size=&rdquo;400&Prime;][mk_fancy_title strip_tags=&rdquo;true&rdquo; color=&rdquo;#8f2825&Prime; size=&rdquo;40&Prime; force_font_size=&rdquo;true&rdquo; size_smallscreen=&rdquo;36&Prime; size_tablet=&rdquo;22&Prime; size_phone=&rdquo;18&Prime; letter_spacing=&rdquo;1&Prime; margin_top=&rdquo;&rdquo; margin_bottom=&rdquo;0&Prime; font_family=&rdquo;none&rdquo; align=&rdquo;center&rdquo; el_class=&rdquo;header-title&rdquo;] WAS DENN? [\/mk_fancy_title][\/vc_column_inner][\/vc_row_inner][\/vc_column][\/mk_page_section][mk_page_section bg_image=&rdquo;\/wp-content\/uploads\/2019\/10\/grunge_wall_web_light-768&times;432.png&rdquo; bg_repeat=&rdquo;no-repeat&rdquo; bg_stretch=&rdquo;true&rdquo; sidebar=&rdquo;sidebar-1&Prime;][vc_column][mk_padding_divider size=&rdquo;60&Prime;][vc_column_text css=&rdquo;.vc_custom_1573389270373{margin-bottom: 0px !important;}&rdquo;] Frag mal nach! frequently asked questions Ihr habt Fragen, wir haben die Antworten. [\/vc_column_text][mk_padding_divider][vc_row_inner][vc_column_inner width=&rdquo;1\/3&Prime;][vc_column_text css=&rdquo;.vc_custom_1719759238646{margin-bottom: 0px [&hellip;]\" \/>\n<meta property=\"og:url\" content=\"https:\/\/www.diefabrik.com\/de\/faq-fabrik-berlin-kreuzberg\/\" \/>\n<meta property=\"og:site_name\" content=\"DIE FABRIK HOSTEL HOTEL\" \/>\n<meta property=\"article:modified_time\" content=\"2025-11-02T11:43:18+00:00\" \/>\n<meta name=\"twitter:card\" content=\"summary_large_image\" \/>\n<meta name=\"twitter:label1\" content=\"Gesch\u00e4tzte Lesezeit\" \/>\n\t<meta name=\"twitter:data1\" content=\"4\u00a0Minuten\" \/>\n<script type=\"application\/ld+json\" class=\"yoast-schema-graph\">{\"@context\":\"https:\\\/\\\/schema.org\",\"@graph\":[{\"@type\":\"WebPage\",\"@id\":\"https:\\\/\\\/www.diefabrik.com\\\/de\\\/faq-fabrik-berlin-kreuzberg\\\/\",\"url\":\"https:\\\/\\\/www.diefabrik.com\\\/de\\\/faq-fabrik-berlin-kreuzberg\\\/\",\"name\":\"FAQ Fabrik Berlin Kreuzberg - DIE FABRIK HOSTEL HOTEL\",\"isPartOf\":{\"@id\":\"https:\\\/\\\/www.diefabrik.com\\\/de\\\/#website\"},\"datePublished\":\"2019-11-10T12:35:51+00:00\",\"dateModified\":\"2025-11-02T11:43:18+00:00\",\"breadcrumb\":{\"@id\":\"https:\\\/\\\/www.diefabrik.com\\\/de\\\/faq-fabrik-berlin-kreuzberg\\\/#breadcrumb\"},\"inLanguage\":\"de\",\"potentialAction\":[{\"@type\":\"ReadAction\",\"target\":[\"https:\\\/\\\/www.diefabrik.com\\\/de\\\/faq-fabrik-berlin-kreuzberg\\\/\"]}]},{\"@type\":\"BreadcrumbList\",\"@id\":\"https:\\\/\\\/www.diefabrik.com\\\/de\\\/faq-fabrik-berlin-kreuzberg\\\/#breadcrumb\",\"itemListElement\":[{\"@type\":\"ListItem\",\"position\":1,\"name\":\"Home\",\"item\":\"https:\\\/\\\/www.diefabrik.com\\\/de\\\/\"},{\"@type\":\"ListItem\",\"position\":2,\"name\":\"FAQ Fabrik Berlin Kreuzberg\"}]},{\"@type\":\"WebSite\",\"@id\":\"https:\\\/\\\/www.diefabrik.com\\\/de\\\/#website\",\"url\":\"https:\\\/\\\/www.diefabrik.com\\\/de\\\/\",\"name\":\"DIE FABRIK HOSTEL HOTEL\",\"description\":\"Das besondere Hotel Hostel in Berlin-Kreuzberg\",\"potentialAction\":[{\"@type\":\"SearchAction\",\"target\":{\"@type\":\"EntryPoint\",\"urlTemplate\":\"https:\\\/\\\/www.diefabrik.com\\\/de\\\/?s={search_term_string}\"},\"query-input\":{\"@type\":\"PropertyValueSpecification\",\"valueRequired\":true,\"valueName\":\"search_term_string\"}}],\"inLanguage\":\"de\"}]}<\/script>\n<!-- \/ Yoast SEO plugin. -->","yoast_head_json":{"title":"FAQ Fabrik Berlin Kreuzberg - DIE FABRIK HOSTEL HOTEL","robots":{"index":"index","follow":"follow","max-snippet":"max-snippet:-1","max-image-preview":"max-image-preview:large","max-video-preview":"max-video-preview:-1"},"canonical":"https:\/\/www.diefabrik.com\/de\/faq-fabrik-berlin-kreuzberg\/","og_locale":"de_DE","og_type":"article","og_title":"FAQ Fabrik Berlin Kreuzberg - DIE FABRIK HOSTEL HOTEL","og_description":"[mk_page_section bg_image=&rdquo;\/wp-content\/uploads\/2020\/02\/faqs-fabrik-kreuzberg.jpg&rdquo; attachment=&rdquo;fixed&rdquo; bg_position=&rdquo;center top&rdquo; bg_repeat=&rdquo;no-repeat&rdquo; bg_stretch=&rdquo;true&rdquo; enable_3d=&rdquo;true&rdquo; min_height=&rdquo;930&Prime; full_width=&rdquo;true&rdquo; sidebar=&rdquo;sidebar-1&Prime;][vc_column][vc_row_inner is_fullwidth_content=&rdquo;false&rdquo; el_class=&rdquo;booking&rdquo;][vc_column_inner][mk_padding_divider size=&rdquo;400&Prime;][mk_fancy_title strip_tags=&rdquo;true&rdquo; color=&rdquo;#8f2825&Prime; size=&rdquo;40&Prime; force_font_size=&rdquo;true&rdquo; size_smallscreen=&rdquo;36&Prime; size_tablet=&rdquo;22&Prime; size_phone=&rdquo;18&Prime; letter_spacing=&rdquo;1&Prime; margin_top=&rdquo;&rdquo; margin_bottom=&rdquo;0&Prime; font_family=&rdquo;none&rdquo; align=&rdquo;center&rdquo; el_class=&rdquo;header-title&rdquo;] WAS DENN? [\/mk_fancy_title][\/vc_column_inner][\/vc_row_inner][\/vc_column][\/mk_page_section][mk_page_section bg_image=&rdquo;\/wp-content\/uploads\/2019\/10\/grunge_wall_web_light-768&times;432.png&rdquo; bg_repeat=&rdquo;no-repeat&rdquo; bg_stretch=&rdquo;true&rdquo; sidebar=&rdquo;sidebar-1&Prime;][vc_column][mk_padding_divider size=&rdquo;60&Prime;][vc_column_text css=&rdquo;.vc_custom_1573389270373{margin-bottom: 0px !important;}&rdquo;] Frag mal nach! frequently asked questions Ihr habt Fragen, wir haben die Antworten. [\/vc_column_text][mk_padding_divider][vc_row_inner][vc_column_inner width=&rdquo;1\/3&Prime;][vc_column_text css=&rdquo;.vc_custom_1719759238646{margin-bottom: 0px [&hellip;]","og_url":"https:\/\/www.diefabrik.com\/de\/faq-fabrik-berlin-kreuzberg\/","og_site_name":"DIE FABRIK HOSTEL HOTEL","article_modified_time":"2025-11-02T11:43:18+00:00","twitter_card":"summary_large_image","twitter_misc":{"Gesch\u00e4tzte Lesezeit":"4\u00a0Minuten"},"schema":{"@context":"https:\/\/schema.org","@graph":[{"@type":"WebPage","@id":"https:\/\/www.diefabrik.com\/de\/faq-fabrik-berlin-kreuzberg\/","url":"https:\/\/www.diefabrik.com\/de\/faq-fabrik-berlin-kreuzberg\/","name":"FAQ Fabrik Berlin Kreuzberg - DIE FABRIK HOSTEL HOTEL","isPartOf":{"@id":"https:\/\/www.diefabrik.com\/de\/#website"},"datePublished":"2019-11-10T12:35:51+00:00","dateModified":"2025-11-02T11:43:18+00:00","breadcrumb":{"@id":"https:\/\/www.diefabrik.com\/de\/faq-fabrik-berlin-kreuzberg\/#breadcrumb"},"inLanguage":"de","potentialAction":[{"@type":"ReadAction","target":["https:\/\/www.diefabrik.com\/de\/faq-fabrik-berlin-kreuzberg\/"]}]},{"@type":"BreadcrumbList","@id":"https:\/\/www.diefabrik.com\/de\/faq-fabrik-berlin-kreuzberg\/#breadcrumb","itemListElement":[{"@type":"ListItem","position":1,"name":"Home","item":"https:\/\/www.diefabrik.com\/de\/"},{"@type":"ListItem","position":2,"name":"FAQ Fabrik Berlin Kreuzberg"}]},{"@type":"WebSite","@id":"https:\/\/www.diefabrik.com\/de\/#website","url":"https:\/\/www.diefabrik.com\/de\/","name":"DIE FABRIK HOSTEL HOTEL","description":"Das besondere Hotel Hostel in Berlin-Kreuzberg","potentialAction":[{"@type":"SearchAction","target":{"@type":"EntryPoint","urlTemplate":"https:\/\/www.diefabrik.com\/de\/?s={search_term_string}"},"query-input":{"@type":"PropertyValueSpecification","valueRequired":true,"valueName":"search_term_string"}}],"inLanguage":"de"}]}},"_links":{"self":[{"href":"https:\/\/www.diefabrik.com\/de\/wp-json\/wp\/v2\/pages\/203","targetHints":{"allow":["GET"]}}],"collection":[{"href":"https:\/\/www.diefabrik.com\/de\/wp-json\/wp\/v2\/pages"}],"about":[{"href":"https:\/\/www.diefabrik.com\/de\/wp-json\/wp\/v2\/types\/page"}],"author":[{"embeddable":true,"href":"https:\/\/www.diefabrik.com\/de\/wp-json\/wp\/v2\/users\/1"}],"replies":[{"embeddable":true,"href":"https:\/\/www.diefabrik.com\/de\/wp-json\/wp\/v2\/comments?post=203"}],"version-history":[{"count":1,"href":"https:\/\/www.diefabrik.com\/de\/wp-json\/wp\/v2\/pages\/203\/revisions"}],"predecessor-version":[{"id":4281,"href":"https:\/\/www.diefabrik.com\/de\/wp-json\/wp\/v2\/pages\/203\/revisions\/4281"}],"wp:attachment":[{"href":"https:\/\/www.diefabrik.com\/de\/wp-json\/wp\/v2\/media?parent=203"}],"curies":[{"name":"wp","href":"https:\/\/api.w.org\/{rel}","templated":true}]}}