{"id":176,"date":"2019-11-10T13:01:23","date_gmt":"2019-11-10T12:01:23","guid":{"rendered":"https:\/\/www.diefabrik.com\/?page_id=176"},"modified":"2025-11-02T15:04:09","modified_gmt":"2025-11-02T14:04:09","slug":"kulinarisches-fabrik-berlin-kreuzberg","status":"publish","type":"page","link":"https:\/\/www.diefabrik.com\/de\/kulinarisches-fabrik-berlin-kreuzberg\/","title":{"rendered":"Kulinarisches Fabrik Berlin Kreuzberg"},"content":{"rendered":"<div class=\"wpb-content-wrapper\">[mk_page_section bg_image=&#8221;\/wp-content\/uploads\/2020\/02\/eating-drinking-fabrik-kreuzberg.jpg&#8221; attachment=&#8221;fixed&#8221; bg_position=&#8221;center top&#8221; bg_repeat=&#8221;no-repeat&#8221; bg_stretch=&#8221;true&#8221; enable_3d=&#8221;true&#8221; min_height=&#8221;930&#8243; full_width=&#8221;true&#8221; sidebar=&#8221;sidebar-1&#8243;][vc_column][vc_row_inner is_fullwidth_content=&#8221;false&#8221; el_class=&#8221;booking&#8221;][vc_column_inner][mk_padding_divider size=&#8221;400&#8243;][mk_fancy_title strip_tags=&#8221;true&#8221; color=&#8221;#8f2825&#8243; size=&#8221;40&#8243; force_font_size=&#8221;true&#8221; size_smallscreen=&#8221;36&#8243; size_tablet=&#8221;22&#8243; size_phone=&#8221;18&#8243; letter_spacing=&#8221;1&#8243; margin_top=&#8221;&#8221; margin_bottom=&#8221;0&#8243; font_family=&#8221;none&#8221; align=&#8221;center&#8221; el_class=&#8221;header-title&#8221;]\n<h2>HASTE HUNGER?<\/h2>\n[\/mk_fancy_title][\/vc_column_inner][\/vc_row_inner][\/vc_column][\/mk_page_section][mk_page_section bg_image=&#8221;https:\/\/www.diefabrik.com\/wp-content\/uploads\/2019\/10\/grunge_wall_web_light-768&#215;432.png&#8221; full_width=&#8221;true&#8221; padding_top=&#8221;0&#8243; padding_bottom=&#8221;0&#8243; sidebar=&#8221;sidebar-1&#8243;][vc_column][vc_row_inner is_fullwidth_content=&#8221;false&#8221;][vc_column_inner][mk_padding_divider size=&#8221;60&#8243;][vc_column_text css=&#8221;.vc_custom_1672847550842{margin-bottom: 0px !important;}&#8221;]\n<h2 id=\"fancy-title-5dc7f63d61b8b\" class=\"mk-fancy-title simple-style color-single\" style=\"text-align: center;\">Kulinarisches<\/h2>\n<div class=\" vc_custom_1528106745591\">\n<div id=\"text-block-5dc7f63d61cff\" class=\"mk-text-block \">\n<p style=\"text-align: center;\">Im Zentrum des multikulturellen Berlins rings um Die Fabrik baxpax Hotel geht es auch kulinarisch sehr vielf\u00e4ltig zu.<\/p>\n<p style=\"text-align: center;\">Die nahegelegenen Kreuzberger Caf\u00e9s und Bistros laden nach durchzechten Kreuzberger N\u00e4chten zum ausgiebigen (Kater-)Fr\u00fchst\u00fcck ein. F\u00fcr den gro\u00dfen und kleinen Hunger, von klassischer Berliner Currywurst \u00fcber vegetarisch, vegan oder paleo bis hin zu ausgefallenen Spezialit\u00e4ten aus aller Welt findet sich in zahlreichen Stores, Imbissen und Restaurants f\u00fcr jeden die passende Leckerei.<\/p>\n<p style=\"text-align: center;\">Und auch am Abend hast du die Wahl: Urige Berliner Eckkneipe, l\u00e4ssige Bar oder angesagter Club? Schl\u00fcrfe deine Lieblingsdrinks, wo immer du willst! Dein Bett erwartet dich in unmittelbarer N\u00e4he im Die Fabrik baxpax Hotel.<\/p>\n<\/div>\n<\/div>\n[\/vc_column_text][\/vc_column_inner][\/vc_row_inner][mk_padding_divider][vc_row_inner is_fullwidth_content=&#8221;false&#8221; column_padding=&#8221;5&#8243; css=&#8221;.vc_custom_1673515221777{background-color: #8f2825 !important;background-position: center !important;background-repeat: no-repeat !important;background-size: cover !important;}&#8221;][vc_column_inner css=&#8221;.vc_custom_1571296030450{padding-right: 0px !important;padding-left: 0px !important;background-position: center !important;background-repeat: no-repeat !important;background-size: cover !important;}&#8221;][vc_column_text align=&#8221;center&#8221; el_class=&#8221;white&#8221; css=&#8221;.vc_custom_1762092245821{margin-bottom: 0px !important;padding-top: 80px !important;padding-right: 40px !important;padding-bottom: 10px !important;padding-left: 40px !important;}&#8221;]\n<h2 id=\"fancy-title-5dc7f63d61b8b\" class=\"mk-fancy-title simple-style color-single\" style=\"text-align: center;\">Wir empfehlen<\/h2>\n<p style=\"text-align: center;\">Ob asiatische Spezialit\u00e4ten, die frischesten Salate oder &#8220;Bad Boy&#8221;-Burger, bei unseren Partnerbetrieben<br \/>\nsteht immer etwas Leckeres auf der Speisekarte.<\/p>\n[\/vc_column_text][\/vc_column_inner][\/vc_row_inner][vc_row_inner css=&#8221;.vc_custom_1571299976484{background-color: #8f2825 !important;background-position: center !important;background-repeat: no-repeat !important;background-size: cover !important;}&#8221;][vc_column_inner el_class=&#8221;white&#8221; width=&#8221;1\/4&#8243; css=&#8221;.vc_custom_1581005525603{padding-top: 0px !important;padding-right: 0px !important;padding-left: 0px !important;background-position: center !important;background-repeat: no-repeat !important;background-size: cover !important;}&#8221;][\/vc_column_inner][vc_column_inner el_class=&#8221;white&#8221; width=&#8221;1\/4&#8243; css=&#8221;.vc_custom_1581005539935{padding-top: 0px !important;padding-right: 0px !important;padding-left: 0px !important;}&#8221;][vc_column_text css=&#8221;.vc_custom_1762092162614{margin-bottom: 0px !important;}&#8221;]\n<p style=\"text-align: center;\"><img loading=\"lazy\" decoding=\"async\" class=\"size-full wp-image-4283 aligncenter\" src=\"https:\/\/www.diefabrik.com\/wp-content\/uploads\/2025\/11\/takumi-logo.png\" alt=\"\" width=\"190\" height=\"190\" srcset=\"https:\/\/www.diefabrik.com\/wp-content\/uploads\/2025\/11\/takumi-logo.png 190w, https:\/\/www.diefabrik.com\/wp-content\/uploads\/2025\/11\/takumi-logo-150x150.png 150w, https:\/\/www.diefabrik.com\/wp-content\/uploads\/2025\/11\/takumi-logo-1024x1024.png 1024w\" sizes=\"auto, (max-width: 190px) 100vw, 190px\" \/><strong><br \/>\nTAKUMI Asian Cuisine &amp; Sushi<\/strong><\/p>\n<p class=\"section-title\" style=\"text-align: center;\">Schlesische Stra\u00dfe 18,<br \/>\n10997, Berlin<\/p>\n[\/vc_column_text][\/vc_column_inner][vc_column_inner el_class=&#8221;white&#8221; width=&#8221;1\/4&#8243;][vc_column_text css=&#8221;.vc_custom_1673541130521{margin-bottom: 0px !important;}&#8221;]\n<p style=\"text-align: center;\"><strong><img loading=\"lazy\" decoding=\"async\" class=\"aligncenter wp-image-2155\" src=\"https:\/\/www.diefabrik.com\/wp-content\/uploads\/2023\/01\/burger-city-logo-300x300.jpg\" alt=\"\" width=\"190\" height=\"190\" srcset=\"https:\/\/www.diefabrik.com\/wp-content\/uploads\/2023\/01\/burger-city-logo-300x300.jpg 300w, https:\/\/www.diefabrik.com\/wp-content\/uploads\/2023\/01\/burger-city-logo-150x150.jpg 150w, https:\/\/www.diefabrik.com\/wp-content\/uploads\/2023\/01\/burger-city-logo.jpg 430w\" sizes=\"auto, (max-width: 190px) 100vw, 190px\" \/><br \/>\nBURGER CITY<br \/>\n<\/strong><\/p>\n<p style=\"text-align: center;\">Schlesische Stra\u00dfe 18,<br \/>\n10997, Berlin<\/p>\n[\/vc_column_text][\/vc_column_inner][vc_column_inner width=&#8221;1\/4&#8243;][\/vc_column_inner][\/vc_row_inner][vc_row_inner css=&#8221;.vc_custom_1571299976484{background-color: #8f2825 !important;background-position: center !important;background-repeat: no-repeat !important;background-size: cover !important;}&#8221;][vc_column_inner css=&#8221;.vc_custom_1571296030450{padding-right: 0px !important;padding-left: 0px !important;background-position: center !important;background-repeat: no-repeat !important;background-size: cover !important;}&#8221;][mk_gallery images=&#8221;2089,2092,2095,2147,2144,2141&#8243; column=&#8221;6&#8243; image_size=&#8221;full&#8221; hover_scenarios=&#8221;slow_zoom&#8221; item_spacing=&#8221;0&#8243; margin_bottom=&#8221;0&#8243; orderby=&#8221;title&#8221;][\/vc_column_inner][\/vc_row_inner][\/vc_column][\/mk_page_section][mk_page_section bg_image=&#8221;\/wp-content\/uploads\/2019\/10\/grunge_wall_web_light-768&#215;432.png&#8221; full_width=&#8221;true&#8221; sidebar=&#8221;sidebar-1&#8243;][vc_column][mk_padding_divider][mk_padding_divider][mk_fancy_title font_family=&#8221;none&#8221;]\n<h2 style=\"text-align: center;\">Ein Kiez voller M\u00f6glichkeiten<\/h2>\n[\/mk_fancy_title][mk_padding_divider][vc_row_inner][vc_column_inner][vc_column_text css=&#8221;.vc_custom_1577117859088{margin-bottom: 0px !important;}&#8221;]<a href=\"https:\/\/www.google.com\/maps\/search\/restaurant,+Berlin\/@52.4986533,13.4443884,18z\/data=!4m2!2m1!6e5?hl=en\" target=\"_blank\" rel=\"noopener noreferrer\"><img decoding=\"async\" class=\"aligncenter wp-image-443 size-full\" src=\"https:\/\/www.diefabrik.com\/wp-content\/uploads\/2019\/12\/restaurants36.jpg\" alt=\"\" width=\"100%\" height=\"1030\" srcset=\"https:\/\/www.diefabrik.com\/wp-content\/uploads\/2019\/12\/restaurants36.jpg 1452w, https:\/\/www.diefabrik.com\/wp-content\/uploads\/2019\/12\/restaurants36-300x213.jpg 300w, https:\/\/www.diefabrik.com\/wp-content\/uploads\/2019\/12\/restaurants36-1024x726.jpg 1024w, https:\/\/www.diefabrik.com\/wp-content\/uploads\/2019\/12\/restaurants36-768x545.jpg 768w\" sizes=\"(max-width: 1452px) 100vw, 1452px\" \/><\/a>[\/vc_column_text][\/vc_column_inner][\/vc_row_inner][\/vc_column][\/mk_page_section]\n<\/div>","protected":false},"excerpt":{"rendered":"<p>[mk_page_section bg_image=&rdquo;\/wp-content\/uploads\/2020\/02\/eating-drinking-fabrik-kreuzberg.jpg&rdquo; attachment=&rdquo;fixed&rdquo; bg_position=&rdquo;center top&rdquo; bg_repeat=&rdquo;no-repeat&rdquo; bg_stretch=&rdquo;true&rdquo; enable_3d=&rdquo;true&rdquo; min_height=&rdquo;930&Prime; full_width=&rdquo;true&rdquo; sidebar=&rdquo;sidebar-1&Prime;][vc_column][vc_row_inner is_fullwidth_content=&rdquo;false&rdquo; el_class=&rdquo;booking&rdquo;][vc_column_inner][mk_padding_divider size=&rdquo;400&Prime;][mk_fancy_title strip_tags=&rdquo;true&rdquo; color=&rdquo;#8f2825&Prime; size=&rdquo;40&Prime; force_font_size=&rdquo;true&rdquo; size_smallscreen=&rdquo;36&Prime; size_tablet=&rdquo;22&Prime; size_phone=&rdquo;18&Prime; letter_spacing=&rdquo;1&Prime; margin_top=&rdquo;&rdquo; margin_bottom=&rdquo;0&Prime; font_family=&rdquo;none&rdquo; align=&rdquo;center&rdquo; el_class=&rdquo;header-title&rdquo;] HASTE HUNGER? [\/mk_fancy_title][\/vc_column_inner][\/vc_row_inner][\/vc_column][\/mk_page_section][mk_page_section bg_image=&rdquo;https:\/\/www.diefabrik.com\/wp-content\/uploads\/2019\/10\/grunge_wall_web_light-768&times;432.png&rdquo; full_width=&rdquo;true&rdquo; padding_top=&rdquo;0&Prime; padding_bottom=&rdquo;0&Prime; sidebar=&rdquo;sidebar-1&Prime;][vc_column][vc_row_inner is_fullwidth_content=&rdquo;false&rdquo;][vc_column_inner][mk_padding_divider size=&rdquo;60&Prime;][vc_column_text css=&rdquo;.vc_custom_1672847550842{margin-bottom: 0px !important;}&rdquo;] Kulinarisches Im Zentrum des multikulturellen Berlins rings um Die Fabrik baxpax Hotel geht es auch [&hellip;]<\/p>\n","protected":false},"author":1,"featured_media":0,"parent":0,"menu_order":0,"comment_status":"closed","ping_status":"closed","template":"","meta":{"_acf_changed":false,"footnotes":""},"class_list":["post-176","page","type-page","status-publish","hentry"],"acf":[],"yoast_head":"<!-- This site is optimized with the Yoast SEO plugin v27.3 - https:\/\/yoast.com\/product\/yoast-seo-wordpress\/ -->\n<title>Kulinarisches Fabrik Berlin Kreuzberg - DIE FABRIK HOSTEL HOTEL<\/title>\n<meta name=\"robots\" content=\"index, follow, max-snippet:-1, max-image-preview:large, max-video-preview:-1\" \/>\n<link rel=\"canonical\" href=\"https:\/\/www.diefabrik.com\/de\/kulinarisches-fabrik-berlin-kreuzberg\/\" \/>\n<meta property=\"og:locale\" content=\"de_DE\" \/>\n<meta property=\"og:type\" content=\"article\" \/>\n<meta property=\"og:title\" content=\"Kulinarisches Fabrik Berlin Kreuzberg - DIE FABRIK HOSTEL HOTEL\" \/>\n<meta property=\"og:description\" content=\"[mk_page_section bg_image=&rdquo;\/wp-content\/uploads\/2020\/02\/eating-drinking-fabrik-kreuzberg.jpg&rdquo; attachment=&rdquo;fixed&rdquo; bg_position=&rdquo;center top&rdquo; bg_repeat=&rdquo;no-repeat&rdquo; bg_stretch=&rdquo;true&rdquo; enable_3d=&rdquo;true&rdquo; min_height=&rdquo;930&Prime; full_width=&rdquo;true&rdquo; sidebar=&rdquo;sidebar-1&Prime;][vc_column][vc_row_inner is_fullwidth_content=&rdquo;false&rdquo; el_class=&rdquo;booking&rdquo;][vc_column_inner][mk_padding_divider size=&rdquo;400&Prime;][mk_fancy_title strip_tags=&rdquo;true&rdquo; color=&rdquo;#8f2825&Prime; size=&rdquo;40&Prime; force_font_size=&rdquo;true&rdquo; size_smallscreen=&rdquo;36&Prime; size_tablet=&rdquo;22&Prime; size_phone=&rdquo;18&Prime; letter_spacing=&rdquo;1&Prime; margin_top=&rdquo;&rdquo; margin_bottom=&rdquo;0&Prime; font_family=&rdquo;none&rdquo; align=&rdquo;center&rdquo; el_class=&rdquo;header-title&rdquo;] HASTE HUNGER? [\/mk_fancy_title][\/vc_column_inner][\/vc_row_inner][\/vc_column][\/mk_page_section][mk_page_section bg_image=&rdquo;https:\/\/www.diefabrik.com\/wp-content\/uploads\/2019\/10\/grunge_wall_web_light-768&times;432.png&rdquo; full_width=&rdquo;true&rdquo; padding_top=&rdquo;0&Prime; padding_bottom=&rdquo;0&Prime; sidebar=&rdquo;sidebar-1&Prime;][vc_column][vc_row_inner is_fullwidth_content=&rdquo;false&rdquo;][vc_column_inner][mk_padding_divider size=&rdquo;60&Prime;][vc_column_text css=&rdquo;.vc_custom_1672847550842{margin-bottom: 0px !important;}&rdquo;] Kulinarisches Im Zentrum des multikulturellen Berlins rings um Die Fabrik baxpax Hotel geht es auch [&hellip;]\" \/>\n<meta property=\"og:url\" content=\"https:\/\/www.diefabrik.com\/de\/kulinarisches-fabrik-berlin-kreuzberg\/\" \/>\n<meta property=\"og:site_name\" content=\"DIE FABRIK HOSTEL HOTEL\" \/>\n<meta property=\"article:modified_time\" content=\"2025-11-02T14:04:09+00:00\" \/>\n<meta property=\"og:image\" content=\"https:\/\/www.diefabrik.com\/wp-content\/uploads\/2025\/11\/takumi-logo.png\" \/>\n\t<meta property=\"og:image:width\" content=\"190\" \/>\n\t<meta property=\"og:image:height\" content=\"190\" \/>\n\t<meta property=\"og:image:type\" content=\"image\/png\" \/>\n<meta name=\"twitter:card\" content=\"summary_large_image\" \/>\n<meta name=\"twitter:label1\" content=\"Gesch\u00e4tzte Lesezeit\" \/>\n\t<meta name=\"twitter:data1\" content=\"4\u00a0Minuten\" \/>\n<script type=\"application\/ld+json\" class=\"yoast-schema-graph\">{\"@context\":\"https:\\\/\\\/schema.org\",\"@graph\":[{\"@type\":\"WebPage\",\"@id\":\"https:\\\/\\\/www.diefabrik.com\\\/de\\\/kulinarisches-fabrik-berlin-kreuzberg\\\/\",\"url\":\"https:\\\/\\\/www.diefabrik.com\\\/de\\\/kulinarisches-fabrik-berlin-kreuzberg\\\/\",\"name\":\"Kulinarisches Fabrik Berlin Kreuzberg - DIE FABRIK HOSTEL HOTEL\",\"isPartOf\":{\"@id\":\"https:\\\/\\\/www.diefabrik.com\\\/de\\\/#website\"},\"primaryImageOfPage\":{\"@id\":\"https:\\\/\\\/www.diefabrik.com\\\/de\\\/kulinarisches-fabrik-berlin-kreuzberg\\\/#primaryimage\"},\"image\":{\"@id\":\"https:\\\/\\\/www.diefabrik.com\\\/de\\\/kulinarisches-fabrik-berlin-kreuzberg\\\/#primaryimage\"},\"thumbnailUrl\":\"https:\\\/\\\/www.diefabrik.com\\\/wp-content\\\/uploads\\\/2025\\\/11\\\/takumi-logo.png\",\"datePublished\":\"2019-11-10T12:01:23+00:00\",\"dateModified\":\"2025-11-02T14:04:09+00:00\",\"breadcrumb\":{\"@id\":\"https:\\\/\\\/www.diefabrik.com\\\/de\\\/kulinarisches-fabrik-berlin-kreuzberg\\\/#breadcrumb\"},\"inLanguage\":\"de\",\"potentialAction\":[{\"@type\":\"ReadAction\",\"target\":[\"https:\\\/\\\/www.diefabrik.com\\\/de\\\/kulinarisches-fabrik-berlin-kreuzberg\\\/\"]}]},{\"@type\":\"ImageObject\",\"inLanguage\":\"de\",\"@id\":\"https:\\\/\\\/www.diefabrik.com\\\/de\\\/kulinarisches-fabrik-berlin-kreuzberg\\\/#primaryimage\",\"url\":\"https:\\\/\\\/www.diefabrik.com\\\/wp-content\\\/uploads\\\/2025\\\/11\\\/takumi-logo.png\",\"contentUrl\":\"https:\\\/\\\/www.diefabrik.com\\\/wp-content\\\/uploads\\\/2025\\\/11\\\/takumi-logo.png\"},{\"@type\":\"BreadcrumbList\",\"@id\":\"https:\\\/\\\/www.diefabrik.com\\\/de\\\/kulinarisches-fabrik-berlin-kreuzberg\\\/#breadcrumb\",\"itemListElement\":[{\"@type\":\"ListItem\",\"position\":1,\"name\":\"Home\",\"item\":\"https:\\\/\\\/www.diefabrik.com\\\/de\\\/\"},{\"@type\":\"ListItem\",\"position\":2,\"name\":\"Kulinarisches Fabrik Berlin Kreuzberg\"}]},{\"@type\":\"WebSite\",\"@id\":\"https:\\\/\\\/www.diefabrik.com\\\/de\\\/#website\",\"url\":\"https:\\\/\\\/www.diefabrik.com\\\/de\\\/\",\"name\":\"DIE FABRIK HOSTEL HOTEL\",\"description\":\"Das besondere Hotel Hostel in Berlin-Kreuzberg\",\"potentialAction\":[{\"@type\":\"SearchAction\",\"target\":{\"@type\":\"EntryPoint\",\"urlTemplate\":\"https:\\\/\\\/www.diefabrik.com\\\/de\\\/?s={search_term_string}\"},\"query-input\":{\"@type\":\"PropertyValueSpecification\",\"valueRequired\":true,\"valueName\":\"search_term_string\"}}],\"inLanguage\":\"de\"}]}<\/script>\n<!-- \/ Yoast SEO plugin. -->","yoast_head_json":{"title":"Kulinarisches Fabrik Berlin Kreuzberg - DIE FABRIK HOSTEL HOTEL","robots":{"index":"index","follow":"follow","max-snippet":"max-snippet:-1","max-image-preview":"max-image-preview:large","max-video-preview":"max-video-preview:-1"},"canonical":"https:\/\/www.diefabrik.com\/de\/kulinarisches-fabrik-berlin-kreuzberg\/","og_locale":"de_DE","og_type":"article","og_title":"Kulinarisches Fabrik Berlin Kreuzberg - DIE FABRIK HOSTEL HOTEL","og_description":"[mk_page_section bg_image=&rdquo;\/wp-content\/uploads\/2020\/02\/eating-drinking-fabrik-kreuzberg.jpg&rdquo; attachment=&rdquo;fixed&rdquo; bg_position=&rdquo;center top&rdquo; bg_repeat=&rdquo;no-repeat&rdquo; bg_stretch=&rdquo;true&rdquo; enable_3d=&rdquo;true&rdquo; min_height=&rdquo;930&Prime; full_width=&rdquo;true&rdquo; sidebar=&rdquo;sidebar-1&Prime;][vc_column][vc_row_inner is_fullwidth_content=&rdquo;false&rdquo; el_class=&rdquo;booking&rdquo;][vc_column_inner][mk_padding_divider size=&rdquo;400&Prime;][mk_fancy_title strip_tags=&rdquo;true&rdquo; color=&rdquo;#8f2825&Prime; size=&rdquo;40&Prime; force_font_size=&rdquo;true&rdquo; size_smallscreen=&rdquo;36&Prime; size_tablet=&rdquo;22&Prime; size_phone=&rdquo;18&Prime; letter_spacing=&rdquo;1&Prime; margin_top=&rdquo;&rdquo; margin_bottom=&rdquo;0&Prime; font_family=&rdquo;none&rdquo; align=&rdquo;center&rdquo; el_class=&rdquo;header-title&rdquo;] HASTE HUNGER? [\/mk_fancy_title][\/vc_column_inner][\/vc_row_inner][\/vc_column][\/mk_page_section][mk_page_section bg_image=&rdquo;https:\/\/www.diefabrik.com\/wp-content\/uploads\/2019\/10\/grunge_wall_web_light-768&times;432.png&rdquo; full_width=&rdquo;true&rdquo; padding_top=&rdquo;0&Prime; padding_bottom=&rdquo;0&Prime; sidebar=&rdquo;sidebar-1&Prime;][vc_column][vc_row_inner is_fullwidth_content=&rdquo;false&rdquo;][vc_column_inner][mk_padding_divider size=&rdquo;60&Prime;][vc_column_text css=&rdquo;.vc_custom_1672847550842{margin-bottom: 0px !important;}&rdquo;] Kulinarisches Im Zentrum des multikulturellen Berlins rings um Die Fabrik baxpax Hotel geht es auch [&hellip;]","og_url":"https:\/\/www.diefabrik.com\/de\/kulinarisches-fabrik-berlin-kreuzberg\/","og_site_name":"DIE FABRIK HOSTEL HOTEL","article_modified_time":"2025-11-02T14:04:09+00:00","og_image":[{"width":190,"height":190,"url":"https:\/\/www.diefabrik.com\/wp-content\/uploads\/2025\/11\/takumi-logo.png","type":"image\/png"}],"twitter_card":"summary_large_image","twitter_misc":{"Gesch\u00e4tzte Lesezeit":"4\u00a0Minuten"},"schema":{"@context":"https:\/\/schema.org","@graph":[{"@type":"WebPage","@id":"https:\/\/www.diefabrik.com\/de\/kulinarisches-fabrik-berlin-kreuzberg\/","url":"https:\/\/www.diefabrik.com\/de\/kulinarisches-fabrik-berlin-kreuzberg\/","name":"Kulinarisches Fabrik Berlin Kreuzberg - DIE FABRIK HOSTEL HOTEL","isPartOf":{"@id":"https:\/\/www.diefabrik.com\/de\/#website"},"primaryImageOfPage":{"@id":"https:\/\/www.diefabrik.com\/de\/kulinarisches-fabrik-berlin-kreuzberg\/#primaryimage"},"image":{"@id":"https:\/\/www.diefabrik.com\/de\/kulinarisches-fabrik-berlin-kreuzberg\/#primaryimage"},"thumbnailUrl":"https:\/\/www.diefabrik.com\/wp-content\/uploads\/2025\/11\/takumi-logo.png","datePublished":"2019-11-10T12:01:23+00:00","dateModified":"2025-11-02T14:04:09+00:00","breadcrumb":{"@id":"https:\/\/www.diefabrik.com\/de\/kulinarisches-fabrik-berlin-kreuzberg\/#breadcrumb"},"inLanguage":"de","potentialAction":[{"@type":"ReadAction","target":["https:\/\/www.diefabrik.com\/de\/kulinarisches-fabrik-berlin-kreuzberg\/"]}]},{"@type":"ImageObject","inLanguage":"de","@id":"https:\/\/www.diefabrik.com\/de\/kulinarisches-fabrik-berlin-kreuzberg\/#primaryimage","url":"https:\/\/www.diefabrik.com\/wp-content\/uploads\/2025\/11\/takumi-logo.png","contentUrl":"https:\/\/www.diefabrik.com\/wp-content\/uploads\/2025\/11\/takumi-logo.png"},{"@type":"BreadcrumbList","@id":"https:\/\/www.diefabrik.com\/de\/kulinarisches-fabrik-berlin-kreuzberg\/#breadcrumb","itemListElement":[{"@type":"ListItem","position":1,"name":"Home","item":"https:\/\/www.diefabrik.com\/de\/"},{"@type":"ListItem","position":2,"name":"Kulinarisches Fabrik Berlin Kreuzberg"}]},{"@type":"WebSite","@id":"https:\/\/www.diefabrik.com\/de\/#website","url":"https:\/\/www.diefabrik.com\/de\/","name":"DIE FABRIK HOSTEL HOTEL","description":"Das besondere Hotel Hostel in Berlin-Kreuzberg","potentialAction":[{"@type":"SearchAction","target":{"@type":"EntryPoint","urlTemplate":"https:\/\/www.diefabrik.com\/de\/?s={search_term_string}"},"query-input":{"@type":"PropertyValueSpecification","valueRequired":true,"valueName":"search_term_string"}}],"inLanguage":"de"}]}},"_links":{"self":[{"href":"https:\/\/www.diefabrik.com\/de\/wp-json\/wp\/v2\/pages\/176","targetHints":{"allow":["GET"]}}],"collection":[{"href":"https:\/\/www.diefabrik.com\/de\/wp-json\/wp\/v2\/pages"}],"about":[{"href":"https:\/\/www.diefabrik.com\/de\/wp-json\/wp\/v2\/types\/page"}],"author":[{"embeddable":true,"href":"https:\/\/www.diefabrik.com\/de\/wp-json\/wp\/v2\/users\/1"}],"replies":[{"embeddable":true,"href":"https:\/\/www.diefabrik.com\/de\/wp-json\/wp\/v2\/comments?post=176"}],"version-history":[{"count":3,"href":"https:\/\/www.diefabrik.com\/de\/wp-json\/wp\/v2\/pages\/176\/revisions"}],"predecessor-version":[{"id":4288,"href":"https:\/\/www.diefabrik.com\/de\/wp-json\/wp\/v2\/pages\/176\/revisions\/4288"}],"wp:attachment":[{"href":"https:\/\/www.diefabrik.com\/de\/wp-json\/wp\/v2\/media?parent=176"}],"curies":[{"name":"wp","href":"https:\/\/api.w.org\/{rel}","templated":true}]}}